{"id":8,"date":"2025-11-13T11:14:19","date_gmt":"2025-11-13T11:14:19","guid":{"rendered":"https:\/\/taichicambre.es\/?page_id=8"},"modified":"2025-11-16T15:44:45","modified_gmt":"2025-11-16T15:44:45","slug":"contacto","status":"publish","type":"page","link":"https:\/\/taichicambre.es\/index.php\/contacto","title":{"rendered":"Contacto"},"content":{"rendered":"<style id=\"wpforms-css-vars-382-block-33fff0d7-ce9b-4684-922b-af562aa0323d\">\n\t\t\t\t#wpforms-382.wpforms-block-33fff0d7-ce9b-4684-922b-af562aa0323d {\n\t\t\t\t--wpforms-label-color: #262626;\n--wpforms-label-sublabel-color: #7f7f7f;\n--wpforms-label-error-color: #ff0000;\n--wpforms-page-break-color: #dddddd;\n--wpforms-field-border-radius: 0px;\n--wpforms-field-border-color: #cccccc;\n--wpforms-field-border-color-spare: #cccccc;\n--wpforms-field-text-color: #444444;\n--wpforms-button-border-style: solid;\n--wpforms-button-border-radius: 0px;\n--wpforms-button-background-color: #dddddd;\n--wpforms-button-text-color: #666666;\n--wpforms-button-border-color: #cccccc;\n--wpforms-field-size-input-height: 43px;\n--wpforms-field-size-input-spacing: 15px;\n--wpforms-field-size-font-size: 16px;\n--wpforms-field-size-line-height: 19px;\n--wpforms-field-size-padding-h: 14px;\n--wpforms-field-size-checkbox-size: 16px;\n--wpforms-field-size-sublabel-spacing: 5px;\n--wpforms-field-size-icon-size: 1;\n--wpforms-label-size-font-size: 14px;\n--wpforms-label-size-line-height: 17px;\n--wpforms-label-size-sublabel-font-size: 13px;\n--wpforms-label-size-sublabel-line-height: 16px;\n--wpforms-button-size-font-size: 17px;\n--wpforms-button-size-height: 41px;\n--wpforms-button-size-padding-h: 15px;\n--wpforms-button-size-margin-top: 10px;\n\t\t\t}\n\t\t\t<\/style><div class=\"wpforms-container wpforms-container-full wpforms-block wpforms-block-33fff0d7-ce9b-4684-922b-af562aa0323d wpforms-render-modern\" id=\"wpforms-382\"><form id=\"wpforms-form-382\" class=\"wpforms-validate wpforms-form wpforms-ajax-form\" data-formid=\"382\" method=\"post\" enctype=\"multipart\/form-data\" action=\"\/index.php\/wp-json\/wp\/v2\/pages\/8\" data-token=\"a5f3ec37374ecb53cabf98454d1ddfff\" data-token-time=\"1776271238\"><noscript class=\"wpforms-error-noscript\">Por favor, activa JavaScript en tu navegador para completar este formulario.<\/noscript><div id=\"wpforms-error-noscript\" style=\"display: none;\">Por favor, activa JavaScript en tu navegador para completar este formulario.<\/div><div class=\"wpforms-field-container\"><div id=\"wpforms-382-field_1-container\" class=\"wpforms-field wpforms-field-name\" data-field-id=\"1\"><fieldset><legend class=\"wpforms-field-label\">Nombre y apellidos <span class=\"wpforms-required-label\" aria-hidden=\"true\">*<\/span><\/legend><div class=\"wpforms-field-row wpforms-field-medium\"><div class=\"wpforms-field-row-block wpforms-first wpforms-one-half\"><input type=\"text\" id=\"wpforms-382-field_1\" class=\"wpforms-field-name-first wpforms-field-required\" name=\"wpforms[fields][1][first]\" aria-errormessage=\"wpforms-382-field_1-error\" required><label for=\"wpforms-382-field_1\" class=\"wpforms-field-sublabel after wpforms-sublabel-hide\">Nombre<\/label><\/div><div class=\"wpforms-field-row-block wpforms-one-half\"><input type=\"text\" id=\"wpforms-382-field_1-last\" class=\"wpforms-field-name-last wpforms-field-required\" name=\"wpforms[fields][1][last]\" aria-errormessage=\"wpforms-382-field_1-last-error\" required><label for=\"wpforms-382-field_1-last\" class=\"wpforms-field-sublabel after wpforms-sublabel-hide\">Apellidos<\/label><\/div><\/div><\/fieldset><\/div>\t\t<div id=\"wpforms-382-field_4-container\"\n\t\t\tclass=\"wpforms-field wpforms-field-text\"\n\t\t\tdata-field-type=\"text\"\n\t\t\tdata-field-id=\"4\"\n\t\t\t>\n\t\t\t<label class=\"wpforms-field-label\" for=\"wpforms-382-field_4\" >preguntar? m\u00f3vil electr\u00f3nico<\/label>\n\t\t\t<input type=\"text\" id=\"wpforms-382-field_4\" class=\"wpforms-field-medium\" name=\"wpforms[fields][4]\" >\n\t\t<\/div>\n\t\t<div id=\"wpforms-382-field_2-container\" class=\"wpforms-field wpforms-field-number\" data-field-id=\"2\"><label class=\"wpforms-field-label\" for=\"wpforms-382-field_2\">N\u00famero de tel\u00e9fono m\u00f3vil <span class=\"wpforms-required-label\" aria-hidden=\"true\">*<\/span><\/label><input type=\"number\" id=\"wpforms-382-field_2\" class=\"wpforms-field-medium wpforms-field-required\" name=\"wpforms[fields][2]\" step=\"any\" aria-errormessage=\"wpforms-382-field_2-error\" required><\/div><div id=\"wpforms-382-field_3-container\" class=\"wpforms-field wpforms-field-email\" data-field-id=\"3\"><label class=\"wpforms-field-label\" for=\"wpforms-382-field_3\">Correo electr\u00f3nico <span class=\"wpforms-required-label\" aria-hidden=\"true\">*<\/span><\/label><input type=\"email\" id=\"wpforms-382-field_3\" class=\"wpforms-field-medium wpforms-field-required\" name=\"wpforms[fields][3]\" spellcheck=\"false\" aria-errormessage=\"wpforms-382-field_3-error\" required><\/div><div id=\"wpforms-382-field_8-container\" class=\"wpforms-field wpforms-field-textarea\" data-field-id=\"8\"><label class=\"wpforms-field-label\" for=\"wpforms-382-field_8\">\u00bfQue deseas preguntar? <span class=\"wpforms-required-label\" aria-hidden=\"true\">*<\/span><\/label><textarea id=\"wpforms-382-field_8\" class=\"wpforms-field-medium wpforms-field-required\" name=\"wpforms[fields][8]\" aria-errormessage=\"wpforms-382-field_8-error\" required><\/textarea><\/div><script>\n\t\t\t\t( function() {\n\t\t\t\t\tconst style = document.createElement( 'style' );\n\t\t\t\t\tstyle.appendChild( document.createTextNode( '#wpforms-382-field_4-container { position: absolute !important; overflow: hidden !important; display: inline !important; height: 1px !important; width: 1px !important; z-index: -1000 !important; padding: 0 !important; } #wpforms-382-field_4-container input { visibility: hidden; } #wpforms-conversational-form-page #wpforms-382-field_4-container label { counter-increment: none; }' ) );\n\t\t\t\t\tdocument.head.appendChild( style );\n\t\t\t\t\tdocument.currentScript?.remove();\n\t\t\t\t} )();\n\t\t\t<\/script><\/div><!-- .wpforms-field-container --><div class=\"wpforms-submit-container\" ><input type=\"hidden\" name=\"wpforms[id]\" value=\"382\"><input type=\"hidden\" name=\"page_title\" value=\"\"><input type=\"hidden\" name=\"page_url\" value=\"https:\/\/taichicambre.es\/index.php\/wp-json\/wp\/v2\/pages\/8\"><input type=\"hidden\" name=\"url_referer\" value=\"\"><button type=\"submit\" name=\"wpforms[submit]\" id=\"wpforms-submit-382\" class=\"wpforms-submit\" data-alt-text=\"Sending...\" data-submit-text=\"Enviar\" aria-live=\"assertive\" value=\"wpforms-submit\">Enviar<\/button><img loading=\"lazy\" decoding=\"async\" src=\"https:\/\/taichicambre.es\/wp-content\/plugins\/wpforms-lite\/assets\/images\/submit-spin.svg\" class=\"wpforms-submit-spinner\" style=\"display: none;\" width=\"26\" height=\"26\" alt=\"Cargando\"><\/div><\/form><\/div>  <!-- .wpforms-container -->","protected":false},"excerpt":{"rendered":"","protected":false},"author":1,"featured_media":0,"parent":0,"menu_order":0,"comment_status":"closed","ping_status":"closed","template":"","meta":{"_coblocks_attr":"","_coblocks_dimensions":"","_coblocks_responsive_height":"","_coblocks_accordion_ie_support":"","_crdt_document":"","_uag_custom_page_level_css":"","_monsterinsights_skip_tracking":false,"_monsterinsights_sitenote_active":false,"_monsterinsights_sitenote_note":"","_monsterinsights_sitenote_category":0,"_EventAllDay":false,"_EventTimezone":"","_EventStartDate":"","_EventEndDate":"","_EventStartDateUTC":"","_EventEndDateUTC":"","_EventShowMap":false,"_EventShowMapLink":false,"_EventURL":"","_EventCost":"","_EventCostDescription":"","_EventCurrencySymbol":"","_EventCurrencyCode":"","_EventCurrencyPosition":"","_EventDateTimeSeparator":"","_EventTimeRangeSeparator":"","_EventOrganizerID":[],"_EventVenueID":[],"_OrganizerEmail":"","_OrganizerPhone":"","_OrganizerWebsite":"","_VenueAddress":"","_VenueCity":"","_VenueCountry":"","_VenueProvince":"","_VenueState":"","_VenueZip":"","_VenuePhone":"","_VenueURL":"","_VenueStateProvince":"","_VenueLat":"","_VenueLng":"","_VenueShowMap":false,"_VenueShowMapLink":false,"yasr_overall_rating":0,"yasr_post_is_review":"","yasr_auto_insert_disabled":"","yasr_review_type":"","footnotes":""},"class_list":["post-8","page","type-page","status-publish","hentry"],"yoast_head":"<!-- This site is optimized with the Yoast SEO plugin v27.4 - https:\/\/yoast.com\/product\/yoast-seo-wordpress\/ -->\r\n<title>Contacto - Ma Tsun Kuen Cambre<\/title>\r\n<meta name=\"robots\" content=\"index, follow, max-snippet:-1, max-image-preview:large, max-video-preview:-1\" \/>\r\n<link rel=\"canonical\" href=\"https:\/\/taichicambre.es\/index.php\/contacto\" \/>\r\n<meta property=\"og:locale\" content=\"es_ES\" \/>\r\n<meta property=\"og:type\" content=\"article\" \/>\r\n<meta property=\"og:title\" content=\"Contacto - Ma Tsun Kuen Cambre\" \/>\r\n<meta property=\"og:url\" content=\"https:\/\/taichicambre.es\/index.php\/contacto\" \/>\r\n<meta property=\"og:site_name\" content=\"Ma Tsun Kuen Cambre\" \/>\r\n<meta property=\"article:publisher\" content=\"https:\/\/www.facebook.com\/Taijiquangalicia\" \/>\r\n<meta property=\"article:modified_time\" content=\"2025-11-16T15:44:45+00:00\" \/>\r\n<meta name=\"twitter:card\" content=\"summary_large_image\" \/>\r\n<meta name=\"twitter:site\" content=\"@kuen_tsun1\" \/>\r\n<script type=\"application\/ld+json\" class=\"yoast-schema-graph\">{\"@context\":\"https:\\\/\\\/schema.org\",\"@graph\":[{\"@type\":\"WebPage\",\"@id\":\"https:\\\/\\\/taichicambre.es\\\/index.php\\\/contacto\",\"url\":\"https:\\\/\\\/taichicambre.es\\\/index.php\\\/contacto\",\"name\":\"Contacto - Ma Tsun Kuen Cambre\",\"isPartOf\":{\"@id\":\"https:\\\/\\\/taichicambre.es\\\/#website\"},\"datePublished\":\"2025-11-13T11:14:19+00:00\",\"dateModified\":\"2025-11-16T15:44:45+00:00\",\"breadcrumb\":{\"@id\":\"https:\\\/\\\/taichicambre.es\\\/index.php\\\/contacto#breadcrumb\"},\"inLanguage\":\"es\",\"potentialAction\":[{\"@type\":\"ReadAction\",\"target\":[\"https:\\\/\\\/taichicambre.es\\\/index.php\\\/contacto\"]}]},{\"@type\":\"BreadcrumbList\",\"@id\":\"https:\\\/\\\/taichicambre.es\\\/index.php\\\/contacto#breadcrumb\",\"itemListElement\":[{\"@type\":\"ListItem\",\"position\":1,\"name\":\"Portada\",\"item\":\"https:\\\/\\\/taichicambre.es\\\/\"},{\"@type\":\"ListItem\",\"position\":2,\"name\":\"Contacto\"}]},{\"@type\":\"WebSite\",\"@id\":\"https:\\\/\\\/taichicambre.es\\\/#website\",\"url\":\"https:\\\/\\\/taichicambre.es\\\/\",\"name\":\"Ma Tsun Kuen Cambre\",\"description\":\"Centro de artes marciales y actividades saludables\",\"publisher\":{\"@id\":\"https:\\\/\\\/taichicambre.es\\\/#organization\"},\"potentialAction\":[{\"@type\":\"SearchAction\",\"target\":{\"@type\":\"EntryPoint\",\"urlTemplate\":\"https:\\\/\\\/taichicambre.es\\\/?s={search_term_string}\"},\"query-input\":{\"@type\":\"PropertyValueSpecification\",\"valueRequired\":true,\"valueName\":\"search_term_string\"}}],\"inLanguage\":\"es\"},{\"@type\":\"Organization\",\"@id\":\"https:\\\/\\\/taichicambre.es\\\/#organization\",\"name\":\"Ma Tsun Kuen Cambre\",\"url\":\"https:\\\/\\\/taichicambre.es\\\/\",\"logo\":{\"@type\":\"ImageObject\",\"inLanguage\":\"es\",\"@id\":\"https:\\\/\\\/taichicambre.es\\\/#\\\/schema\\\/logo\\\/image\\\/\",\"url\":\"https:\\\/\\\/taichicambre.es\\\/wp-content\\\/uploads\\\/2025\\\/11\\\/cropped-negrologo.png\",\"contentUrl\":\"https:\\\/\\\/taichicambre.es\\\/wp-content\\\/uploads\\\/2025\\\/11\\\/cropped-negrologo.png\",\"width\":87,\"height\":86,\"caption\":\"Ma Tsun Kuen Cambre\"},\"image\":{\"@id\":\"https:\\\/\\\/taichicambre.es\\\/#\\\/schema\\\/logo\\\/image\\\/\"},\"sameAs\":[\"https:\\\/\\\/www.facebook.com\\\/Taijiquangalicia\",\"https:\\\/\\\/x.com\\\/kuen_tsun1\",\"https:\\\/\\\/www.instagram.com\\\/jfernandezotero\\\/?fbclid=IwY2xjawOKWkNleHRuA2FlbQIxMQBicmlkETA4RGpHakpGemZsVWNNTGw1c3J0YwZhcHBfaWQBMAABHk-OeA5mILlVHDBvN6Rirli8xpKJat1hAXjVUyd-vseltnbZfLgNC_4YqkTD_aem_WZtVD_hHFRUBURN9oC6hHw\"]},false]}<\/script>\r\n<!-- \/ Yoast SEO plugin. -->","yoast_head_json":{"title":"Contacto - Ma Tsun Kuen Cambre","robots":{"index":"index","follow":"follow","max-snippet":"max-snippet:-1","max-image-preview":"max-image-preview:large","max-video-preview":"max-video-preview:-1"},"canonical":"https:\/\/taichicambre.es\/index.php\/contacto","og_locale":"es_ES","og_type":"article","og_title":"Contacto - Ma Tsun Kuen Cambre","og_url":"https:\/\/taichicambre.es\/index.php\/contacto","og_site_name":"Ma Tsun Kuen Cambre","article_publisher":"https:\/\/www.facebook.com\/Taijiquangalicia","article_modified_time":"2025-11-16T15:44:45+00:00","twitter_card":"summary_large_image","twitter_site":"@kuen_tsun1","schema":{"@context":"https:\/\/schema.org","@graph":[{"@type":"WebPage","@id":"https:\/\/taichicambre.es\/index.php\/contacto","url":"https:\/\/taichicambre.es\/index.php\/contacto","name":"Contacto - Ma Tsun Kuen Cambre","isPartOf":{"@id":"https:\/\/taichicambre.es\/#website"},"datePublished":"2025-11-13T11:14:19+00:00","dateModified":"2025-11-16T15:44:45+00:00","breadcrumb":{"@id":"https:\/\/taichicambre.es\/index.php\/contacto#breadcrumb"},"inLanguage":"es","potentialAction":[{"@type":"ReadAction","target":["https:\/\/taichicambre.es\/index.php\/contacto"]}]},{"@type":"BreadcrumbList","@id":"https:\/\/taichicambre.es\/index.php\/contacto#breadcrumb","itemListElement":[{"@type":"ListItem","position":1,"name":"Portada","item":"https:\/\/taichicambre.es\/"},{"@type":"ListItem","position":2,"name":"Contacto"}]},{"@type":"WebSite","@id":"https:\/\/taichicambre.es\/#website","url":"https:\/\/taichicambre.es\/","name":"Ma Tsun Kuen Cambre","description":"Centro de artes marciales y actividades saludables","publisher":{"@id":"https:\/\/taichicambre.es\/#organization"},"potentialAction":[{"@type":"SearchAction","target":{"@type":"EntryPoint","urlTemplate":"https:\/\/taichicambre.es\/?s={search_term_string}"},"query-input":{"@type":"PropertyValueSpecification","valueRequired":true,"valueName":"search_term_string"}}],"inLanguage":"es"},{"@type":"Organization","@id":"https:\/\/taichicambre.es\/#organization","name":"Ma Tsun Kuen Cambre","url":"https:\/\/taichicambre.es\/","logo":{"@type":"ImageObject","inLanguage":"es","@id":"https:\/\/taichicambre.es\/#\/schema\/logo\/image\/","url":"https:\/\/taichicambre.es\/wp-content\/uploads\/2025\/11\/cropped-negrologo.png","contentUrl":"https:\/\/taichicambre.es\/wp-content\/uploads\/2025\/11\/cropped-negrologo.png","width":87,"height":86,"caption":"Ma Tsun Kuen Cambre"},"image":{"@id":"https:\/\/taichicambre.es\/#\/schema\/logo\/image\/"},"sameAs":["https:\/\/www.facebook.com\/Taijiquangalicia","https:\/\/x.com\/kuen_tsun1","https:\/\/www.instagram.com\/jfernandezotero\/?fbclid=IwY2xjawOKWkNleHRuA2FlbQIxMQBicmlkETA4RGpHakpGemZsVWNNTGw1c3J0YwZhcHBfaWQBMAABHk-OeA5mILlVHDBvN6Rirli8xpKJat1hAXjVUyd-vseltnbZfLgNC_4YqkTD_aem_WZtVD_hHFRUBURN9oC6hHw"]},false]}},"yasr_visitor_votes":{"stars_attributes":{"read_only":false,"span_bottom":false},"number_of_votes":0,"sum_votes":0},"uagb_featured_image_src":{"full":false,"thumbnail":false,"medium":false,"medium_large":false,"large":false,"1536x1536":false,"2048x2048":false},"uagb_author_info":{"display_name":"taichicambre","author_link":"https:\/\/taichicambre.es\/index.php\/archivos\/author\/taichicambre"},"uagb_comment_info":0,"uagb_excerpt":null,"_links":{"self":[{"href":"https:\/\/taichicambre.es\/index.php\/wp-json\/wp\/v2\/pages\/8","targetHints":{"allow":["GET"]}}],"collection":[{"href":"https:\/\/taichicambre.es\/index.php\/wp-json\/wp\/v2\/pages"}],"about":[{"href":"https:\/\/taichicambre.es\/index.php\/wp-json\/wp\/v2\/types\/page"}],"author":[{"embeddable":true,"href":"https:\/\/taichicambre.es\/index.php\/wp-json\/wp\/v2\/users\/1"}],"replies":[{"embeddable":true,"href":"https:\/\/taichicambre.es\/index.php\/wp-json\/wp\/v2\/comments?post=8"}],"version-history":[{"count":0,"href":"https:\/\/taichicambre.es\/index.php\/wp-json\/wp\/v2\/pages\/8\/revisions"}],"wp:attachment":[{"href":"https:\/\/taichicambre.es\/index.php\/wp-json\/wp\/v2\/media?parent=8"}],"curies":[{"name":"wp","href":"https:\/\/api.w.org\/{rel}","templated":true}]}}