{"id":407,"date":"2025-11-16T16:01:39","date_gmt":"2025-11-16T16:01:39","guid":{"rendered":"https:\/\/taichicambre.es\/?page_id=407"},"modified":"2026-02-27T08:16:56","modified_gmt":"2026-02-27T08:16:56","slug":"sada","status":"publish","type":"page","link":"https:\/\/taichicambre.es\/index.php\/sada","title":{"rendered":"Sada"},"content":{"rendered":"\n<div class=\"wp-block-uagb-container uagb-block-64cc5477 alignfull uagb-is-root-container\"><div class=\"uagb-container-inner-blocks-wrap\">\n<div class=\"wp-block-uagb-container uagb-block-3132a3b6\">\n<div style=\"display: flex; justify-content: center; padding: 20px;\">\n  <div style=\"width: 100%; max-width: 600px; font-family: 'Segoe UI', Arial, sans-serif;\">\n    \n    <table style=\"width: 100%; border-collapse: collapse; text-align: center; box-shadow: 0 4px 10px rgba(0,0,0,0.1); border-radius: 4px; overflow: hidden;\">\n      <thead>\n        <tr style=\"background-color: #CC0000;\">\n          <th style=\"padding: 15px; border: 1px solid #B30000; color: #FFFFFF !important; text-transform: uppercase;\">D\u00eda<\/th>\n          <th style=\"padding: 15px; border: 1px solid #B30000; color: #FFFFFF !important; text-transform: uppercase;\">Horario<\/th>\n          <th style=\"padding: 15px; border: 1px solid #B30000; color: #FFFFFF !important; text-transform: uppercase;\">Actividad<\/th>\n        <\/tr>\n      <\/thead>\n      <tbody style=\"color: #000000 !important;\">\n        <tr>\n          <td style=\"padding: 12px; border: 1px solid #EEEEEE; font-weight: bold;\">Jueves<\/td>\n          <td style=\"padding: 12px; border: 1px solid #EEEEEE;\">16:30 \u2013 18:00<\/td>\n          <td style=\"padding: 12px; border: 1px solid #EEEEEE;\">Taichi \/ Chikung<\/td>\n        <\/tr>\n        <tr style=\"background-color: #F9F9F9;\">\n          <td style=\"padding: 12px; border: 1px solid #EEEEEE; font-weight: bold;\">Jueves<\/td>\n          <td style=\"padding: 12px; border: 1px solid #EEEEEE;\">18:00 \u2013 19:30<\/td>\n          <td style=\"padding: 12px; border: 1px solid #EEEEEE;\">Taichi \/ Chikung<\/td>\n        <\/tr>\n      <\/tbody>\n    <\/table>\n  <\/div>\n<\/div>\n<\/div>\n\n\n\n<div class=\"wp-block-uagb-container uagb-block-bcd60dc9\"><style>.kb-row-layout-id407_a7ae30-70 > .kt-row-column-wrap{align-content:start;}:where(.kb-row-layout-id407_a7ae30-70 > .kt-row-column-wrap) > .wp-block-kadence-column{justify-content:start;}.kb-row-layout-id407_a7ae30-70 > .kt-row-column-wrap{column-gap:var(--global-kb-gap-md, 2rem);row-gap:var(--global-kb-gap-md, 2rem);padding-top:var(--global-kb-spacing-sm, 1.5rem);padding-bottom:var(--global-kb-spacing-sm, 1.5rem);grid-template-columns:minmax(0, 1fr) minmax(0, 2fr);}.kb-row-layout-id407_a7ae30-70 > .kt-row-layout-overlay{opacity:0.30;}@media all and (max-width: 1024px){.kb-row-layout-id407_a7ae30-70 > .kt-row-column-wrap{grid-template-columns:minmax(0, 1fr) minmax(0, 2fr);}}@media all and (max-width: 767px){.kb-row-layout-id407_a7ae30-70 > .kt-row-column-wrap{grid-template-columns:minmax(0, 1fr);}}<\/style><div class=\"kb-row-layout-wrap kb-row-layout-id407_a7ae30-70 alignnone wp-block-kadence-rowlayout\"><div class=\"kt-row-column-wrap kt-has-2-columns kt-row-layout-right-golden kt-tab-layout-inherit kt-mobile-layout-row kt-row-valign-top\">\n<style>.kadence-column407_2626fe-6c > .kt-inside-inner-col,.kadence-column407_2626fe-6c > .kt-inside-inner-col:before{border-top-left-radius:0px;border-top-right-radius:0px;border-bottom-right-radius:0px;border-bottom-left-radius:0px;}.kadence-column407_2626fe-6c > .kt-inside-inner-col{column-gap:var(--global-kb-gap-sm, 1rem);}.kadence-column407_2626fe-6c > .kt-inside-inner-col{flex-direction:column;}.kadence-column407_2626fe-6c > .kt-inside-inner-col > .aligncenter{width:100%;}.kadence-column407_2626fe-6c > .kt-inside-inner-col:before{opacity:0.3;}.kadence-column407_2626fe-6c{position:relative;}@media all and (max-width: 1024px){.kadence-column407_2626fe-6c > .kt-inside-inner-col{flex-direction:column;justify-content:center;}}@media all and (max-width: 767px){.kadence-column407_2626fe-6c > .kt-inside-inner-col{flex-direction:column;justify-content:center;}}<\/style>\n<div class=\"wp-block-kadence-column kadence-column407_2626fe-6c\"><div class=\"kt-inside-inner-col\"><style>.kt-svg-icons407_39e7e6-e0 .kt-svg-item-0 .kb-svg-icon-wrap{color:var(--global-palette4, #2D3748);font-size:50px;}.wp-block-kadence-icon.kt-svg-icons407_39e7e6-e0{justify-content:center;}<\/style>\n<div class=\"wp-block-kadence-icon kt-svg-icons kt-svg-icons407_39e7e6-e0 alignnone\"><style>.kt-svg-item-407_608761-04 .kb-svg-icon-wrap, .kt-svg-style-stacked.kt-svg-item-407_608761-04 .kb-svg-icon-wrap{font-size:50px;}<\/style>\n<div class=\"wp-block-kadence-single-icon kt-svg-style-default kt-svg-icon-wrap kt-svg-item-407_608761-04\"><span class=\"kb-svg-icon-wrap kb-svg-icon-fas_graduation-cap\"><svg viewBox=\"0 0 640 512\"  fill=\"currentColor\" xmlns=\"http:\/\/www.w3.org\/2000\/svg\"  aria-hidden=\"true\"><path d=\"M622.34 153.2L343.4 67.5c-15.2-4.67-31.6-4.67-46.79 0L17.66 153.2c-23.54 7.23-23.54 38.36 0 45.59l48.63 14.94c-10.67 13.19-17.23 29.28-17.88 46.9C38.78 266.15 32 276.11 32 288c0 10.78 5.68 19.85 13.86 25.65L20.33 428.53C18.11 438.52 25.71 448 35.94 448h56.11c10.24 0 17.84-9.48 15.62-19.47L82.14 313.65C90.32 307.85 96 298.78 96 288c0-11.57-6.47-21.25-15.66-26.87.76-15.02 8.44-28.3 20.69-36.72L296.6 284.5c9.06 2.78 26.44 6.25 46.79 0l278.95-85.7c23.55-7.24 23.55-38.36 0-45.6zM352.79 315.09c-28.53 8.76-52.84 3.92-65.59 0l-145.02-44.55L128 384c0 35.35 85.96 64 192 64s192-28.65 192-64l-14.18-113.47-145.03 44.56z\"\/><\/svg><\/span><\/div>\n<\/div>\n<\/div><\/div>\n\n\n<style>.kadence-column407_1bb9de-7e > .kt-inside-inner-col,.kadence-column407_1bb9de-7e > .kt-inside-inner-col:before{border-top-left-radius:0px;border-top-right-radius:0px;border-bottom-right-radius:0px;border-bottom-left-radius:0px;}.kadence-column407_1bb9de-7e > .kt-inside-inner-col{column-gap:var(--global-kb-gap-sm, 1rem);}.kadence-column407_1bb9de-7e > .kt-inside-inner-col{flex-direction:column;}.kadence-column407_1bb9de-7e > .kt-inside-inner-col > .aligncenter{width:100%;}.kadence-column407_1bb9de-7e > .kt-inside-inner-col:before{opacity:0.3;}.kadence-column407_1bb9de-7e{position:relative;}@media all and (max-width: 1024px){.kadence-column407_1bb9de-7e > .kt-inside-inner-col{flex-direction:column;justify-content:center;}}@media all and (max-width: 767px){.kadence-column407_1bb9de-7e > .kt-inside-inner-col{flex-direction:column;justify-content:center;}}<\/style>\n<div class=\"wp-block-kadence-column kadence-column407_1bb9de-7e\"><div class=\"kt-inside-inner-col\">\n<p class=\"wp-block-paragraph\"><strong>Instructor:<\/strong><a href=\"https:\/\/taichicambre.es\/index.php\/profesores-en-galicia\">Jos\u00e9 Fern\u00e1ndez Otero<\/a><\/p>\n<\/div><\/div>\n\n<\/div><\/div>\n\n<style>.kb-row-layout-id407_d7b434-03 > .kt-row-column-wrap{align-content:start;}:where(.kb-row-layout-id407_d7b434-03 > .kt-row-column-wrap) > .wp-block-kadence-column{justify-content:start;}.kb-row-layout-id407_d7b434-03 > .kt-row-column-wrap{column-gap:var(--global-kb-gap-md, 2rem);row-gap:var(--global-kb-gap-md, 2rem);padding-top:var(--global-kb-spacing-sm, 1.5rem);padding-bottom:var(--global-kb-spacing-sm, 1.5rem);grid-template-columns:minmax(0, 1fr) minmax(0, 2fr);}.kb-row-layout-id407_d7b434-03 > .kt-row-layout-overlay{opacity:0.30;}@media all and (max-width: 1024px){.kb-row-layout-id407_d7b434-03 > .kt-row-column-wrap{grid-template-columns:minmax(0, 1fr) minmax(0, 2fr);}}@media all and (max-width: 767px){.kb-row-layout-id407_d7b434-03 > .kt-row-column-wrap{grid-template-columns:minmax(0, 1fr);}}<\/style><div class=\"kb-row-layout-wrap kb-row-layout-id407_d7b434-03 alignnone wp-block-kadence-rowlayout\"><div class=\"kt-row-column-wrap kt-has-2-columns kt-row-layout-right-golden kt-tab-layout-inherit kt-mobile-layout-row kt-row-valign-top\">\n<style>.kadence-column407_1ddfff-4b > .kt-inside-inner-col,.kadence-column407_1ddfff-4b > .kt-inside-inner-col:before{border-top-left-radius:0px;border-top-right-radius:0px;border-bottom-right-radius:0px;border-bottom-left-radius:0px;}.kadence-column407_1ddfff-4b > .kt-inside-inner-col{column-gap:var(--global-kb-gap-sm, 1rem);}.kadence-column407_1ddfff-4b > .kt-inside-inner-col{flex-direction:column;}.kadence-column407_1ddfff-4b > .kt-inside-inner-col > .aligncenter{width:100%;}.kadence-column407_1ddfff-4b > .kt-inside-inner-col:before{opacity:0.3;}.kadence-column407_1ddfff-4b{position:relative;}@media all and (max-width: 1024px){.kadence-column407_1ddfff-4b > .kt-inside-inner-col{flex-direction:column;justify-content:center;}}@media all and (max-width: 767px){.kadence-column407_1ddfff-4b > .kt-inside-inner-col{flex-direction:column;justify-content:center;}}<\/style>\n<div class=\"wp-block-kadence-column kadence-column407_1ddfff-4b\"><div class=\"kt-inside-inner-col\"><style>.kt-svg-icons407_191796-3c .kt-svg-item-0 .kb-svg-icon-wrap{color:var(--global-palette4, #2D3748);font-size:50px;}.wp-block-kadence-icon.kt-svg-icons407_191796-3c{justify-content:center;}<\/style>\n<div class=\"wp-block-kadence-icon kt-svg-icons kt-svg-icons407_191796-3c alignnone\"><style>.kt-svg-item-407_e4729e-2d .kb-svg-icon-wrap, .kt-svg-style-stacked.kt-svg-item-407_e4729e-2d .kb-svg-icon-wrap{font-size:50px;}<\/style>\n<div class=\"wp-block-kadence-single-icon kt-svg-style-default kt-svg-icon-wrap kt-svg-item-407_e4729e-2d\"><span class=\"kb-svg-icon-wrap kb-svg-icon-fas_directions\"><svg viewBox=\"0 0 512 512\"  fill=\"currentColor\" xmlns=\"http:\/\/www.w3.org\/2000\/svg\"  aria-hidden=\"true\"><path d=\"M502.61 233.32L278.68 9.39c-12.52-12.52-32.83-12.52-45.36 0L9.39 233.32c-12.52 12.53-12.52 32.83 0 45.36l223.93 223.93c12.52 12.53 32.83 12.53 45.36 0l223.93-223.93c12.52-12.53 12.52-32.83 0-45.36zm-100.98 12.56l-84.21 77.73c-5.12 4.73-13.43 1.1-13.43-5.88V264h-96v64c0 4.42-3.58 8-8 8h-32c-4.42 0-8-3.58-8-8v-80c0-17.67 14.33-32 32-32h112v-53.73c0-6.97 8.3-10.61 13.43-5.88l84.21 77.73c3.43 3.17 3.43 8.59 0 11.76z\"\/><\/svg><\/span><\/div>\n<\/div>\n<\/div><\/div>\n\n\n<style>.kadence-column407_2c9c75-cc > .kt-inside-inner-col,.kadence-column407_2c9c75-cc > .kt-inside-inner-col:before{border-top-left-radius:0px;border-top-right-radius:0px;border-bottom-right-radius:0px;border-bottom-left-radius:0px;}.kadence-column407_2c9c75-cc > .kt-inside-inner-col{column-gap:var(--global-kb-gap-sm, 1rem);}.kadence-column407_2c9c75-cc > .kt-inside-inner-col{flex-direction:column;}.kadence-column407_2c9c75-cc > .kt-inside-inner-col > .aligncenter{width:100%;}.kadence-column407_2c9c75-cc > .kt-inside-inner-col:before{opacity:0.3;}.kadence-column407_2c9c75-cc{position:relative;}@media all and (max-width: 1024px){.kadence-column407_2c9c75-cc > .kt-inside-inner-col{flex-direction:column;justify-content:center;}}@media all and (max-width: 767px){.kadence-column407_2c9c75-cc > .kt-inside-inner-col{flex-direction:column;justify-content:center;}}<\/style>\n<div class=\"wp-block-kadence-column kadence-column407_2c9c75-cc\"><div class=\"kt-inside-inner-col\">\n<p class=\"has-black-color has-text-color has-link-color wp-elements-a66de1e8982ba8bb20ab64c57eff3357 wp-block-paragraph\"><strong>Sada:<\/strong> <a href=\"https:\/\/share.google\/POivnv9GheysYsstW\">Cami\u00f1o Riobao,36<\/a><\/p>\n<\/div><\/div>\n\n<\/div><\/div><\/div>\n<\/div><\/div>\n\n\n<p><iframe src=\"https:\/\/www.google.com\/maps\/embed?pb=!1m18!1m12!1m3!1d5805.34209565051!2d-8.361137826547647!3d43.32114517384802!2m3!1f0!2f0!3f0!3m2!1i1024!2i768!4f13.1!3m3!1m2!1s0xd2e64da22475519%3A0x12a18bd5cf0bd883!2zUsO6YSBDdXJyb3MgRW5yw61xdWV6LCAyNSwgMTU2NzkgQ2FtYnJlLCBBIENvcnXDsWE!5e0!3m2!1ses!2ses!4v1728746446673!5m2!1ses!2ses\" width=\"600\" height=\"450\" style=\"border:0;\" allowfullscreen=\"\" loading=\"lazy\" referrerpolicy=\"no-referrer-when-downgrade\"><\/iframe><\/p>\n","protected":false},"excerpt":{"rendered":"<p>D\u00eda Horario Actividad Jueves 16:30 \u2013 18:00 Taichi \/ Chikung Jueves 18:00 \u2013 19:30 Taichi \/ Chikung Instructor:Jos\u00e9 Fern\u00e1ndez Otero Sada: Cami\u00f1o Riobao,36<\/p>\n","protected":false},"author":1,"featured_media":545,"parent":0,"menu_order":0,"comment_status":"closed","ping_status":"closed","template":"","meta":{"_coblocks_attr":"","_coblocks_dimensions":"","_coblocks_responsive_height":"","_coblocks_accordion_ie_support":"","_crdt_document":"","_uag_custom_page_level_css":"","_monsterinsights_skip_tracking":false,"_monsterinsights_sitenote_active":false,"_monsterinsights_sitenote_note":"","_monsterinsights_sitenote_category":0,"_EventAllDay":false,"_EventTimezone":"","_EventStartDate":"","_EventEndDate":"","_EventStartDateUTC":"","_EventEndDateUTC":"","_EventShowMap":false,"_EventShowMapLink":false,"_EventURL":"","_EventCost":"","_EventCostDescription":"","_EventCurrencySymbol":"","_EventCurrencyCode":"","_EventCurrencyPosition":"","_EventDateTimeSeparator":"","_EventTimeRangeSeparator":"","_EventOrganizerID":[],"_EventVenueID":[],"_OrganizerEmail":"","_OrganizerPhone":"","_OrganizerWebsite":"","_VenueAddress":"","_VenueCity":"","_VenueCountry":"","_VenueProvince":"","_VenueState":"","_VenueZip":"","_VenuePhone":"","_VenueURL":"","_VenueStateProvince":"","_VenueLat":"","_VenueLng":"","_VenueShowMap":false,"_VenueShowMapLink":false,"yasr_overall_rating":0,"yasr_post_is_review":"yes","yasr_auto_insert_disabled":"","yasr_review_type":"Organization","footnotes":""},"class_list":["post-407","page","type-page","status-publish","has-post-thumbnail","hentry"],"yoast_head":"<!-- This site is optimized with the Yoast SEO plugin v27.4 - https:\/\/yoast.com\/product\/yoast-seo-wordpress\/ -->\r\n<title>Sada - Ma Tsun Kuen Cambre<\/title>\r\n<meta name=\"description\" content=\"Horarios y clases impartidas en Sada por el instructor Jos\u00e9 Fern\u00e1ndez de la escuela Ma Tsun Kuen de Galicia.\" \/>\r\n<meta name=\"robots\" content=\"index, follow, max-snippet:-1, max-image-preview:large, max-video-preview:-1\" \/>\r\n<link rel=\"canonical\" href=\"https:\/\/taichicambre.es\/index.php\/sada\" \/>\r\n<meta property=\"og:locale\" content=\"es_ES\" \/>\r\n<meta property=\"og:type\" content=\"article\" \/>\r\n<meta property=\"og:title\" content=\"Horarios Taichi en Sada\" \/>\r\n<meta property=\"og:description\" content=\"Horarios y clases impartidas en Sada por el instructor Jos\u00e9 Fern\u00e1ndez de la escuela Ma Tsun Kuen de Galicia.\" \/>\r\n<meta property=\"og:url\" content=\"https:\/\/taichicambre.es\/index.php\/sada\" \/>\r\n<meta property=\"og:site_name\" content=\"Ma Tsun Kuen Cambre\" \/>\r\n<meta property=\"article:publisher\" content=\"https:\/\/www.facebook.com\/Taijiquangalicia\" \/>\r\n<meta property=\"article:modified_time\" content=\"2026-02-27T08:16:56+00:00\" \/>\r\n<meta property=\"og:image\" content=\"https:\/\/taichicambre.es\/wp-content\/uploads\/2025\/11\/Taichi-en-sada.jpg\" \/>\r\n\t<meta property=\"og:image:width\" content=\"1920\" \/>\r\n\t<meta property=\"og:image:height\" content=\"1148\" \/>\r\n\t<meta property=\"og:image:type\" content=\"image\/jpeg\" \/>\r\n<meta name=\"twitter:card\" content=\"summary_large_image\" \/>\r\n<meta name=\"twitter:site\" content=\"@kuen_tsun1\" \/>\r\n<meta name=\"twitter:label1\" content=\"Tiempo de lectura\" \/>\n\t<meta name=\"twitter:data1\" content=\"1 minuto\" \/>\r\n<script type=\"application\/ld+json\" class=\"yoast-schema-graph\">{\"@context\":\"https:\\\/\\\/schema.org\",\"@graph\":[{\"@type\":\"WebPage\",\"@id\":\"https:\\\/\\\/taichicambre.es\\\/index.php\\\/sada\",\"url\":\"https:\\\/\\\/taichicambre.es\\\/index.php\\\/sada\",\"name\":\"Sada - Ma Tsun Kuen Cambre\",\"isPartOf\":{\"@id\":\"https:\\\/\\\/taichicambre.es\\\/#website\"},\"primaryImageOfPage\":{\"@id\":\"https:\\\/\\\/taichicambre.es\\\/index.php\\\/sada#primaryimage\"},\"image\":{\"@id\":\"https:\\\/\\\/taichicambre.es\\\/index.php\\\/sada#primaryimage\"},\"thumbnailUrl\":\"https:\\\/\\\/taichicambre.es\\\/wp-content\\\/uploads\\\/2025\\\/11\\\/Taichi-en-sada.jpg\",\"datePublished\":\"2025-11-16T16:01:39+00:00\",\"dateModified\":\"2026-02-27T08:16:56+00:00\",\"description\":\"Horarios y clases impartidas en Sada por el instructor Jos\u00e9 Fern\u00e1ndez de la escuela Ma Tsun Kuen de Galicia.\",\"breadcrumb\":{\"@id\":\"https:\\\/\\\/taichicambre.es\\\/index.php\\\/sada#breadcrumb\"},\"inLanguage\":\"es\",\"potentialAction\":[{\"@type\":\"ReadAction\",\"target\":[\"https:\\\/\\\/taichicambre.es\\\/index.php\\\/sada\"]}]},{\"@type\":\"ImageObject\",\"inLanguage\":\"es\",\"@id\":\"https:\\\/\\\/taichicambre.es\\\/index.php\\\/sada#primaryimage\",\"url\":\"https:\\\/\\\/taichicambre.es\\\/wp-content\\\/uploads\\\/2025\\\/11\\\/Taichi-en-sada.jpg\",\"contentUrl\":\"https:\\\/\\\/taichicambre.es\\\/wp-content\\\/uploads\\\/2025\\\/11\\\/Taichi-en-sada.jpg\",\"width\":1920,\"height\":1148},{\"@type\":\"BreadcrumbList\",\"@id\":\"https:\\\/\\\/taichicambre.es\\\/index.php\\\/sada#breadcrumb\",\"itemListElement\":[{\"@type\":\"ListItem\",\"position\":1,\"name\":\"Portada\",\"item\":\"https:\\\/\\\/taichicambre.es\\\/\"},{\"@type\":\"ListItem\",\"position\":2,\"name\":\"Sada\"}]},{\"@type\":\"WebSite\",\"@id\":\"https:\\\/\\\/taichicambre.es\\\/#website\",\"url\":\"https:\\\/\\\/taichicambre.es\\\/\",\"name\":\"Ma Tsun Kuen Cambre\",\"description\":\"Centro de artes marciales y actividades saludables\",\"publisher\":{\"@id\":\"https:\\\/\\\/taichicambre.es\\\/#organization\"},\"potentialAction\":[{\"@type\":\"SearchAction\",\"target\":{\"@type\":\"EntryPoint\",\"urlTemplate\":\"https:\\\/\\\/taichicambre.es\\\/?s={search_term_string}\"},\"query-input\":{\"@type\":\"PropertyValueSpecification\",\"valueRequired\":true,\"valueName\":\"search_term_string\"}}],\"inLanguage\":\"es\"},{\"@type\":\"Organization\",\"@id\":\"https:\\\/\\\/taichicambre.es\\\/#organization\",\"name\":\"Ma Tsun Kuen Cambre\",\"url\":\"https:\\\/\\\/taichicambre.es\\\/\",\"logo\":{\"@type\":\"ImageObject\",\"inLanguage\":\"es\",\"@id\":\"https:\\\/\\\/taichicambre.es\\\/#\\\/schema\\\/logo\\\/image\\\/\",\"url\":\"https:\\\/\\\/taichicambre.es\\\/wp-content\\\/uploads\\\/2025\\\/11\\\/cropped-negrologo.png\",\"contentUrl\":\"https:\\\/\\\/taichicambre.es\\\/wp-content\\\/uploads\\\/2025\\\/11\\\/cropped-negrologo.png\",\"width\":87,\"height\":86,\"caption\":\"Ma Tsun Kuen Cambre\"},\"image\":{\"@id\":\"https:\\\/\\\/taichicambre.es\\\/#\\\/schema\\\/logo\\\/image\\\/\"},\"sameAs\":[\"https:\\\/\\\/www.facebook.com\\\/Taijiquangalicia\",\"https:\\\/\\\/x.com\\\/kuen_tsun1\",\"https:\\\/\\\/www.instagram.com\\\/jfernandezotero\\\/?fbclid=IwY2xjawOKWkNleHRuA2FlbQIxMQBicmlkETA4RGpHakpGemZsVWNNTGw1c3J0YwZhcHBfaWQBMAABHk-OeA5mILlVHDBvN6Rirli8xpKJat1hAXjVUyd-vseltnbZfLgNC_4YqkTD_aem_WZtVD_hHFRUBURN9oC6hHw\"]},{\"@context\":\"https:\\\/\\\/schema.org\\\/\",\"@type\":\"Organization\",\"name\":\"Sada\",\"description\":\"\",\"image\":{\"@type\":\"ImageObject\",\"url\":\"https:\\\/\\\/taichicambre.es\\\/wp-content\\\/uploads\\\/2025\\\/11\\\/Taichi-en-sada.jpg\",\"width\":1920,\"height\":1148},\"aggregateRating\":false}]}<\/script>\r\n<!-- \/ Yoast SEO plugin. -->","yoast_head_json":{"title":"Sada - Ma Tsun Kuen Cambre","description":"Horarios y clases impartidas en Sada por el instructor Jos\u00e9 Fern\u00e1ndez de la escuela Ma Tsun Kuen de Galicia.","robots":{"index":"index","follow":"follow","max-snippet":"max-snippet:-1","max-image-preview":"max-image-preview:large","max-video-preview":"max-video-preview:-1"},"canonical":"https:\/\/taichicambre.es\/index.php\/sada","og_locale":"es_ES","og_type":"article","og_title":"Horarios Taichi en Sada","og_description":"Horarios y clases impartidas en Sada por el instructor Jos\u00e9 Fern\u00e1ndez de la escuela Ma Tsun Kuen de Galicia.","og_url":"https:\/\/taichicambre.es\/index.php\/sada","og_site_name":"Ma Tsun Kuen Cambre","article_publisher":"https:\/\/www.facebook.com\/Taijiquangalicia","article_modified_time":"2026-02-27T08:16:56+00:00","og_image":[{"width":1920,"height":1148,"url":"https:\/\/taichicambre.es\/wp-content\/uploads\/2025\/11\/Taichi-en-sada.jpg","type":"image\/jpeg"}],"twitter_card":"summary_large_image","twitter_site":"@kuen_tsun1","twitter_misc":{"Tiempo de lectura":"1 minuto"},"schema":{"@context":"https:\/\/schema.org","@graph":[{"@type":"WebPage","@id":"https:\/\/taichicambre.es\/index.php\/sada","url":"https:\/\/taichicambre.es\/index.php\/sada","name":"Sada - Ma Tsun Kuen Cambre","isPartOf":{"@id":"https:\/\/taichicambre.es\/#website"},"primaryImageOfPage":{"@id":"https:\/\/taichicambre.es\/index.php\/sada#primaryimage"},"image":{"@id":"https:\/\/taichicambre.es\/index.php\/sada#primaryimage"},"thumbnailUrl":"https:\/\/taichicambre.es\/wp-content\/uploads\/2025\/11\/Taichi-en-sada.jpg","datePublished":"2025-11-16T16:01:39+00:00","dateModified":"2026-02-27T08:16:56+00:00","description":"Horarios y clases impartidas en Sada por el instructor Jos\u00e9 Fern\u00e1ndez de la escuela Ma Tsun Kuen de Galicia.","breadcrumb":{"@id":"https:\/\/taichicambre.es\/index.php\/sada#breadcrumb"},"inLanguage":"es","potentialAction":[{"@type":"ReadAction","target":["https:\/\/taichicambre.es\/index.php\/sada"]}]},{"@type":"ImageObject","inLanguage":"es","@id":"https:\/\/taichicambre.es\/index.php\/sada#primaryimage","url":"https:\/\/taichicambre.es\/wp-content\/uploads\/2025\/11\/Taichi-en-sada.jpg","contentUrl":"https:\/\/taichicambre.es\/wp-content\/uploads\/2025\/11\/Taichi-en-sada.jpg","width":1920,"height":1148},{"@type":"BreadcrumbList","@id":"https:\/\/taichicambre.es\/index.php\/sada#breadcrumb","itemListElement":[{"@type":"ListItem","position":1,"name":"Portada","item":"https:\/\/taichicambre.es\/"},{"@type":"ListItem","position":2,"name":"Sada"}]},{"@type":"WebSite","@id":"https:\/\/taichicambre.es\/#website","url":"https:\/\/taichicambre.es\/","name":"Ma Tsun Kuen Cambre","description":"Centro de artes marciales y actividades saludables","publisher":{"@id":"https:\/\/taichicambre.es\/#organization"},"potentialAction":[{"@type":"SearchAction","target":{"@type":"EntryPoint","urlTemplate":"https:\/\/taichicambre.es\/?s={search_term_string}"},"query-input":{"@type":"PropertyValueSpecification","valueRequired":true,"valueName":"search_term_string"}}],"inLanguage":"es"},{"@type":"Organization","@id":"https:\/\/taichicambre.es\/#organization","name":"Ma Tsun Kuen Cambre","url":"https:\/\/taichicambre.es\/","logo":{"@type":"ImageObject","inLanguage":"es","@id":"https:\/\/taichicambre.es\/#\/schema\/logo\/image\/","url":"https:\/\/taichicambre.es\/wp-content\/uploads\/2025\/11\/cropped-negrologo.png","contentUrl":"https:\/\/taichicambre.es\/wp-content\/uploads\/2025\/11\/cropped-negrologo.png","width":87,"height":86,"caption":"Ma Tsun Kuen Cambre"},"image":{"@id":"https:\/\/taichicambre.es\/#\/schema\/logo\/image\/"},"sameAs":["https:\/\/www.facebook.com\/Taijiquangalicia","https:\/\/x.com\/kuen_tsun1","https:\/\/www.instagram.com\/jfernandezotero\/?fbclid=IwY2xjawOKWkNleHRuA2FlbQIxMQBicmlkETA4RGpHakpGemZsVWNNTGw1c3J0YwZhcHBfaWQBMAABHk-OeA5mILlVHDBvN6Rirli8xpKJat1hAXjVUyd-vseltnbZfLgNC_4YqkTD_aem_WZtVD_hHFRUBURN9oC6hHw"]},{"@context":"https:\/\/schema.org\/","@type":"Organization","name":"Sada","description":"","image":{"@type":"ImageObject","url":"https:\/\/taichicambre.es\/wp-content\/uploads\/2025\/11\/Taichi-en-sada.jpg","width":1920,"height":1148},"aggregateRating":false}]}},"yasr_visitor_votes":{"stars_attributes":{"read_only":false,"span_bottom":false},"number_of_votes":0,"sum_votes":0},"uagb_featured_image_src":{"full":["https:\/\/taichicambre.es\/wp-content\/uploads\/2025\/11\/Taichi-en-sada.jpg",1920,1148,false],"thumbnail":["https:\/\/taichicambre.es\/wp-content\/uploads\/2025\/11\/Taichi-en-sada-150x150.jpg",150,150,true],"medium":["https:\/\/taichicambre.es\/wp-content\/uploads\/2025\/11\/Taichi-en-sada-300x179.jpg",300,179,true],"medium_large":["https:\/\/taichicambre.es\/wp-content\/uploads\/2025\/11\/Taichi-en-sada-768x459.jpg",640,383,true],"large":["https:\/\/taichicambre.es\/wp-content\/uploads\/2025\/11\/Taichi-en-sada-1024x612.jpg",640,383,true],"1536x1536":["https:\/\/taichicambre.es\/wp-content\/uploads\/2025\/11\/Taichi-en-sada-1536x918.jpg",1536,918,true],"2048x2048":["https:\/\/taichicambre.es\/wp-content\/uploads\/2025\/11\/Taichi-en-sada.jpg",1920,1148,false]},"uagb_author_info":{"display_name":"taichicambre","author_link":"https:\/\/taichicambre.es\/index.php\/archivos\/author\/taichicambre"},"uagb_comment_info":0,"uagb_excerpt":"D\u00eda Horario Actividad Jueves 16:30 \u2013 18:00 Taichi \/ Chikung Jueves 18:00 \u2013 19:30 Taichi \/ Chikung Instructor:Jos\u00e9 Fern\u00e1ndez Otero Sada: Cami\u00f1o Riobao,36","_links":{"self":[{"href":"https:\/\/taichicambre.es\/index.php\/wp-json\/wp\/v2\/pages\/407","targetHints":{"allow":["GET"]}}],"collection":[{"href":"https:\/\/taichicambre.es\/index.php\/wp-json\/wp\/v2\/pages"}],"about":[{"href":"https:\/\/taichicambre.es\/index.php\/wp-json\/wp\/v2\/types\/page"}],"author":[{"embeddable":true,"href":"https:\/\/taichicambre.es\/index.php\/wp-json\/wp\/v2\/users\/1"}],"replies":[{"embeddable":true,"href":"https:\/\/taichicambre.es\/index.php\/wp-json\/wp\/v2\/comments?post=407"}],"version-history":[{"count":0,"href":"https:\/\/taichicambre.es\/index.php\/wp-json\/wp\/v2\/pages\/407\/revisions"}],"wp:featuredmedia":[{"embeddable":true,"href":"https:\/\/taichicambre.es\/index.php\/wp-json\/wp\/v2\/media\/545"}],"wp:attachment":[{"href":"https:\/\/taichicambre.es\/index.php\/wp-json\/wp\/v2\/media?parent=407"}],"curies":[{"name":"wp","href":"https:\/\/api.w.org\/{rel}","templated":true}]}}