{"id":391,"date":"2025-11-16T15:52:26","date_gmt":"2025-11-16T15:52:26","guid":{"rendered":"https:\/\/taichicambre.es\/?page_id=391"},"modified":"2026-04-16T11:20:15","modified_gmt":"2026-04-16T11:20:15","slug":"formulario-promocion-actividad","status":"publish","type":"page","link":"https:\/\/taichicambre.es\/index.php\/formulario-promocion-actividad","title":{"rendered":"Formulario promoci\u00f3n actividad Taichi&#038;Chikung"},"content":{"rendered":"<style id=\"wpforms-css-vars-394-block-5321be36-caa9-47ba-8275-694953e8fa8b\">\n\t\t\t\t#wpforms-394.wpforms-block-5321be36-caa9-47ba-8275-694953e8fa8b {\n\t\t\t\t--wpforms-label-color: #262626;\n--wpforms-label-sublabel-color: #7f7f7f;\n--wpforms-label-error-color: #ff0000;\n--wpforms-page-break-color: #dddddd;\n--wpforms-field-border-radius: 0px;\n--wpforms-field-border-color: #cccccc;\n--wpforms-field-border-color-spare: #cccccc;\n--wpforms-field-text-color: #444444;\n--wpforms-button-border-style: solid;\n--wpforms-button-border-radius: 0px;\n--wpforms-button-background-color: #dddddd;\n--wpforms-button-text-color: #666666;\n--wpforms-button-border-color: #cccccc;\n--wpforms-field-size-input-height: 43px;\n--wpforms-field-size-input-spacing: 15px;\n--wpforms-field-size-font-size: 16px;\n--wpforms-field-size-line-height: 19px;\n--wpforms-field-size-padding-h: 14px;\n--wpforms-field-size-checkbox-size: 16px;\n--wpforms-field-size-sublabel-spacing: 5px;\n--wpforms-field-size-icon-size: 1;\n--wpforms-label-size-font-size: 14px;\n--wpforms-label-size-line-height: 17px;\n--wpforms-label-size-sublabel-font-size: 13px;\n--wpforms-label-size-sublabel-line-height: 16px;\n--wpforms-button-size-font-size: 17px;\n--wpforms-button-size-height: 41px;\n--wpforms-button-size-padding-h: 15px;\n--wpforms-button-size-margin-top: 10px;\n\t\t\t}\n\t\t\t<\/style><div class=\"wpforms-container wpforms-container-full wpforms-block wpforms-block-5321be36-caa9-47ba-8275-694953e8fa8b wpforms-render-modern\" id=\"wpforms-394\"><form id=\"wpforms-form-394\" class=\"wpforms-validate wpforms-form wpforms-ajax-form\" data-formid=\"394\" method=\"post\" enctype=\"multipart\/form-data\" action=\"\/index.php\/wp-json\/wp\/v2\/pages\/391\" data-token=\"51d134f322c5e22a278208b35f6d6ff0\" data-token-time=\"1776589637\"><noscript class=\"wpforms-error-noscript\">Por favor, activa JavaScript en tu navegador para completar este formulario.<\/noscript><div id=\"wpforms-error-noscript\" style=\"display: none;\">Por favor, activa JavaScript en tu navegador para completar este formulario.<\/div><div class=\"wpforms-field-container\"><div id=\"wpforms-394-field_1-container\" class=\"wpforms-field wpforms-field-name\" data-field-id=\"1\"><fieldset><legend class=\"wpforms-field-label\">Nombre y apellidos <span class=\"wpforms-required-label\" aria-hidden=\"true\">*<\/span><\/legend><div class=\"wpforms-field-row wpforms-field-medium\"><div class=\"wpforms-field-row-block wpforms-first wpforms-one-half\"><input type=\"text\" id=\"wpforms-394-field_1\" class=\"wpforms-field-name-first wpforms-field-required\" name=\"wpforms[fields][1][first]\" aria-errormessage=\"wpforms-394-field_1-error\" required><label for=\"wpforms-394-field_1\" class=\"wpforms-field-sublabel after wpforms-sublabel-hide\">Nombre<\/label><\/div><div class=\"wpforms-field-row-block wpforms-one-half\"><input type=\"text\" id=\"wpforms-394-field_1-last\" class=\"wpforms-field-name-last wpforms-field-required\" name=\"wpforms[fields][1][last]\" aria-errormessage=\"wpforms-394-field_1-last-error\" required><label for=\"wpforms-394-field_1-last\" class=\"wpforms-field-sublabel after wpforms-sublabel-hide\">Apellidos<\/label><\/div><\/div><\/fieldset><\/div><div id=\"wpforms-394-field_2-container\" class=\"wpforms-field wpforms-field-number\" data-field-id=\"2\"><label class=\"wpforms-field-label\" for=\"wpforms-394-field_2\">N\u00famero de tel\u00e9fono m\u00f3vil <span class=\"wpforms-required-label\" aria-hidden=\"true\">*<\/span><\/label><input type=\"number\" id=\"wpforms-394-field_2\" class=\"wpforms-field-medium wpforms-field-required\" name=\"wpforms[fields][2]\" step=\"any\" aria-errormessage=\"wpforms-394-field_2-error\" required><\/div>\t\t<div id=\"wpforms-394-field_4-container\"\n\t\t\tclass=\"wpforms-field wpforms-field-text\"\n\t\t\tdata-field-type=\"text\"\n\t\t\tdata-field-id=\"4\"\n\t\t\t>\n\t\t\t<label class=\"wpforms-field-label\" for=\"wpforms-394-field_4\" >Correo de apellidos<\/label>\n\t\t\t<input type=\"text\" id=\"wpforms-394-field_4\" class=\"wpforms-field-medium\" name=\"wpforms[fields][4]\" >\n\t\t<\/div>\n\t\t<div id=\"wpforms-394-field_3-container\" class=\"wpforms-field wpforms-field-email\" data-field-id=\"3\"><label class=\"wpforms-field-label\" for=\"wpforms-394-field_3\">Correo electr\u00f3nico <span class=\"wpforms-required-label\" aria-hidden=\"true\">*<\/span><\/label><input type=\"email\" id=\"wpforms-394-field_3\" class=\"wpforms-field-medium wpforms-field-required\" name=\"wpforms[fields][3]\" spellcheck=\"false\" aria-errormessage=\"wpforms-394-field_3-error\" required><\/div><div id=\"wpforms-394-field_8-container\" class=\"wpforms-field wpforms-field-textarea\" data-field-id=\"8\"><label class=\"wpforms-field-label\" for=\"wpforms-394-field_8\">ayuntamiento<\/label><textarea id=\"wpforms-394-field_8\" class=\"wpforms-field-medium\" name=\"wpforms[fields][8]\" aria-errormessage=\"wpforms-394-field_8-error\" ><\/textarea><\/div><script>\n\t\t\t\t( function() {\n\t\t\t\t\tconst style = document.createElement( 'style' );\n\t\t\t\t\tstyle.appendChild( document.createTextNode( '#wpforms-394-field_4-container { position: absolute !important; overflow: hidden !important; display: inline !important; height: 1px !important; width: 1px !important; z-index: -1000 !important; padding: 0 !important; } #wpforms-394-field_4-container input { visibility: hidden; } #wpforms-conversational-form-page #wpforms-394-field_4-container label { counter-increment: none; }' ) );\n\t\t\t\t\tdocument.head.appendChild( style );\n\t\t\t\t\tdocument.currentScript?.remove();\n\t\t\t\t} )();\n\t\t\t<\/script><\/div><!-- .wpforms-field-container --><div class=\"wpforms-submit-container\" ><input type=\"hidden\" name=\"wpforms[id]\" value=\"394\"><input type=\"hidden\" name=\"page_title\" value=\"\"><input type=\"hidden\" name=\"page_url\" value=\"https:\/\/taichicambre.es\/index.php\/wp-json\/wp\/v2\/pages\/391\"><input type=\"hidden\" name=\"url_referer\" value=\"\"><button type=\"submit\" name=\"wpforms[submit]\" id=\"wpforms-submit-394\" class=\"wpforms-submit\" data-alt-text=\"Sending...\" data-submit-text=\"Enviar\" aria-live=\"assertive\" value=\"wpforms-submit\">Enviar<\/button><img loading=\"lazy\" decoding=\"async\" src=\"https:\/\/taichicambre.es\/wp-content\/plugins\/wpforms-lite\/assets\/images\/submit-spin.svg\" class=\"wpforms-submit-spinner\" style=\"display: none;\" width=\"26\" height=\"26\" alt=\"Cargando\"><\/div><\/form><\/div>  <!-- .wpforms-container -->","protected":false},"excerpt":{"rendered":"","protected":false},"author":1,"featured_media":0,"parent":0,"menu_order":0,"comment_status":"closed","ping_status":"closed","template":"","meta":{"_coblocks_attr":"","_coblocks_dimensions":"","_coblocks_responsive_height":"","_coblocks_accordion_ie_support":"","_crdt_document":"{\"document\":\"AAAGxZv\/uxR0EAicAZ5KAS2iAQIBAgoBOUoAHSgDJwAEACcABAAnACgEJwAoLycABwAoAycAKDsnvyOuInN0YXRldmVyc2lvbmRvY3VtZW50ZGF0ZWRvY3VtZW50c2x1Z2RvY3VtZW50c3RhdHVzZG9jdW1lbnR0aXRsZUZvcm11bGFyaW8gcHJvbW9jacOzbiBhY3RpdmlkYWQgVGFpY2hpJkNoaWt1bmdkb2N1bWVudGNvbnRlbnQ8IS0tIHdwOndwZm9ybXMvZm9ybS1zZWxlY3RvciB7ImNsaWVudElkIjoiNTMyMWJlMzYtY2FhOS00N2JhLTgyNzUtNjk0OTUzZThmYThiIiwiZm9ybUlkIjoiMzk0IiwidGhlbWUiOiJjbGFzc2ljIiwidGhlbWVOYW1lIjoiRGVmYXVsdCIsImxhYmVsU2l6ZSI6InNtYWxsIiwibGFiZWxDb2xvciI6IiMyNjI2MjYiLCJsYWJlbFN1YmxhYmVsQ29sb3IiOiIjN2Y3ZjdmIiwibGFiZWxFcnJvckNvbG9yIjoiI2ZmMDAwMCIsInBhZ2VCcmVha0NvbG9yIjoiI2RkZGRkZCIsImNvcHlQYXN0ZUpzb25WYWx1ZSI6IntcdTAwMjJkaXNwbGF5VGl0bGVcdTAwMjI6ZmFsc2UsXHUwMDIyZGlzcGxheURlc2NcdTAwMjI6ZmFsc2UsXHUwMDIydGhlbWVcdTAwMjI6XHUwMDIyY2xhc3NpY1x1MDAyMixcdTAwMjJ0aGVtZU5hbWVcdTAwMjI6XHUwMDIyRGVmYXVsdFx1MDAyMixcdTAwMjJmaWVsZFNpemVcdTAwMjI6XHUwMDIybWVkaXVtXHUwMDIyLFx1MDAyMmJhY2tncm91bmRJbWFnZVx1MDAyMjpcdTAwMjJub25lXHUwMDIyLFx1MDAyMmJhY2tncm91bmRQb3NpdGlvblx1MDAyMjpcdTAwMjJjZW50ZXIgY2VudGVyXHUwMDIyLFx1MDAyMmJhY2tncm91bmRSZXBlYXRcdTAwMjI6XHUwMDIybm8tcmVwZWF0XHUwMDIyLFx1MDAyMmJhY2tncm91bmRTaXplTW9kZVx1MDAyMjpcdTAwMjJjb3Zlclx1MDAyMixcdTAwMjJiYWNrZ3JvdW5kU2l6ZVx1MDAyMjpcdTAwMjJjb3Zlclx1MDAyMixcdTAwMjJiYWNrZ3JvdW5kV2lkdGhcdTAwMjI6XHUwMDIyMTAwcHhcdTAwMjIsXHUwMDIyYmFja2dyb3VuZEhlaWdodFx1MDAyMjpcdTAwMjIxMDBweFx1MDAyMixcdTAwMjJiYWNrZ3JvdW5kVXJsXHUwMDIyOlx1MDAyMnVybCgpXHUwMDIyLFx1MDAyMmJhY2tncm91bmRDb2xvclx1MDAyMjpcdTAwMjJyZ2JhKCAwLCAwLCAwLCAwIClcdTAwMjIsXHUwMDIyZmllbGRCb3JkZXJSYWRpdXNcdTAwMjI6XHUwMDIyMHB4XHUwMDIyLFx1MDAyMmZpZWxkQm9yZGVyU3R5bGVcdTAwMjI6XHUwMDIyc29saWRcdTAwMjIsXHUwMDIyZmllbGRCb3JkZXJTaXplXHUwMDIyOlx1MDAyMjFweFx1MDAyMixcdTAwMjJmaWVsZEJhY2tncm91bmRDb2xvclx1MDAyMjpcdTAwMjIjZmZmZmZmXHUwMDIyLFx1MDAyMmZpZWxkQm9yZGVyQ29sb3JcdTAwMjI6XHUwMDIyI2NjY2NjY1x1MDAyMixcdTAwMjJmaWVsZFRleHRDb2xvclx1MDAyMjpcdTAwMjIjNDQ0NDQ0XHUwMDIyLFx1MDAyMmZpZWxkTWVudUNvbG9yXHUwMDIyOlx1MDAyMiNmZmZmZmZcdTAwMjIsXHUwMDIybGFiZWxTaXplXHUwMDIyOlx1MDAyMnNtYWxsXHUwMDIyLFx1MDAyMmxhYmVsQ29sb3JcdTAwMjI6XHUwMDIyIzI2MjYyNlx1MDAyMixcdTAwMjJsYWJlbFN1YmxhYmVsQ29sb3JcdTAwMjI6XHUwMDIyIzdmN2Y3Zlx1MDAyMixcdTAwMjJsYWJlbEVycm9yQ29sb3JcdTAwMjI6XHUwMDIyI2ZmMDAwMFx1MDAyMixcdTAwMjJidXR0b25TaXplXHUwMDIyOlx1MDAyMm1lZGl1bVx1MDAyMixcdTAwMjJidXR0b25Cb3JkZXJTdHlsZVx1MDAyMjpcdTAwMjJzb2xpZFx1MDAyMixcdTAwMjJidXR0b25Cb3JkZXJTaXplXHUwMDIyOlx1MDAyMjFweFx1MDAyMixcdTAwMjJidXR0b25Cb3JkZXJSYWRpdXNcdTAwMjI6XHUwMDIyMHB4XHUwMDIyLFx1MDAyMmJ1dHRvbkJhY2tncm91bmRDb2xvclx1MDAyMjpcdTAwMjIjZGRkZGRkXHUwMDIyLFx1MDAyMmJ1dHRvblRleHRDb2xvclx1MDAyMjpcdTAwMjIjNjY2NjY2XHUwMDIyLFx1MDAyMmJ1dHRvbkJvcmRlckNvbG9yXHUwMDIyOlx1MDAyMiNjY2NjY2NcdTAwMjIsXHUwMDIycGFnZUJyZWFrQ29sb3JcdTAwMjI6XHUwMDIyI2RkZGRkZFx1MDAyMixcdTAwMjJjb250YWluZXJQYWRkaW5nXHUwMDIyOlx1MDAyMjBweFx1MDAyMixcdTAwMjJjb250YWluZXJCb3JkZXJTdHlsZVx1MDAyMjpcdTAwMjJub25lXHUwMDIyLFx1MDAyMmNvbnRhaW5lckJvcmRlcldpZHRoXHUwMDIyOlx1MDAyMjFweFx1MDAyMixcdTAwMjJjb250YWluZXJCb3JkZXJDb2xvclx1MDAyMjpcdTAwMjIjMDAwMDAwXHUwMDIyLFx1MDAyMmNvbnRhaW5lckJvcmRlclJhZGl1c1x1MDAyMjpcdTAwMjIzcHhcdTAwMjIsXHUwMDIyY29udGFpbmVyU2hhZG93U2l6ZVx1MDAyMjpcdTAwMjJub25lXHUwMDIyLFx1MDAyMmN1c3RvbUNzc1x1MDAyMjpcdTAwMjJcdTAwMjJ9IiwiZmllbGRCb3JkZXJSYWRpdXMiOiIwcHgiLCJmaWVsZEJvcmRlckNvbG9yIjoiI2NjY2NjYyIsImZpZWxkVGV4dENvbG9yIjoiIzQ0NDQ0NCIsImJ1dHRvbkJvcmRlclN0eWxlIjoic29saWQiLCJidXR0b25Cb3JkZXJSYWRpdXMiOiIwcHgiLCJidXR0b25CYWNrZ3JvdW5kQ29sb3IiOiIjZGRkZGRkIiwiYnV0dG9uVGV4dENvbG9yIjoiIzY2NjY2NiIsImJ1dHRvbkJvcmRlckNvbG9yIjoiI2NjY2NjYyJ9IC8tLT5kb2N1bWVudGV4Y2VycHRkb2N1bWVudGF1dGhvcmRvY3VtZW50ZmVhdHVyZWRfbWVkaWFkb2N1bWVudGNvbW1lbnRfc3RhdHVzZG9jdW1lbnRwaW5nX3N0YXR1c2RvY3VtZW50dGVtcGxhdGVkb2N1bWVudG1ldGFfY29ibG9ja3NfYXR0cl9jb2Jsb2Nrc19kaW1lbnNpb25zX2NvYmxvY2tzX3Jlc3BvbnNpdmVfaGVpZ2h0X2NvYmxvY2tzX2FjY29yZGlvbl9pZV9zdXBwb3J0X3VhZ19jdXN0b21fcGFnZV9sZXZlbF9jc3NfbW9uc3Rlcmluc2lnaHRzX3NraXBfdHJhY2tpbmdfbW9uc3Rlcmluc2lnaHRzX3NpdGVub3RlX2FjdGl2ZV9tb25zdGVyaW5zaWdodHNfc2l0ZW5vdGVfbm90ZV9tb25zdGVyaW5zaWdodHNfc2l0ZW5vdGVfY2F0ZWdvcnlfRXZlbnRBbGxEYXlfRXZlbnRUaW1lem9uZV9FdmVudFN0YXJ0RGF0ZV9FdmVudEVuZERhdGVfRXZlbnRTdGFydERhdGVVVENfRXZlbnRFbmREYXRlVVRDX0V2ZW50U2hvd01hcF9FdmVudFNob3dNYXBMaW5rX0V2ZW50VVJMX0V2ZW50Q29zdF9FdmVudENvc3REZXNjcmlwdGlvbl9FdmVudEN1cnJlbmN5U3ltYm9sX0V2ZW50Q3VycmVuY3lDb2RlX0V2ZW50Q3VycmVuY3lQb3NpdGlvbl9FdmVudERhdGVUaW1lU2VwYXJhdG9yX0V2ZW50VGltZVJhbmdlU2VwYXJhdG9yX0V2ZW50T3JnYW5pemVySURfRXZlbnRWZW51ZUlEX09yZ2FuaXplckVtYWlsX09yZ2FuaXplclBob25lX09yZ2FuaXplcldlYnNpdGVfVmVudWVBZGRyZXNzX1ZlbnVlQ2l0eV9WZW51ZUNvdW50cnlfVmVudWVQcm92aW5jZV9WZW51ZVN0YXRlX1ZlbnVlWmlwX1ZlbnVlUGhvbmVfVmVudWVVUkxfVmVudWVTdGF0ZVByb3ZpbmNlX1ZlbnVlTGF0X1ZlbnVlTG5nX1ZlbnVlU2hvd01hcF9WZW51ZVNob3dNYXBMaW5reWFzcl9vdmVyYWxsX3JhdGluZ3lhc3JfcG9zdF9pc19yZXZpZXd5YXNyX2F1dG9faW5zZXJ0X2Rpc2FibGVkeWFzcl9yZXZpZXdfdHlwZWZvb3Rub3Rlc2RvY3VtZW50YmxvY2tzY2xpZW50SWRpc1ZhbGlkb3JpZ2luYWxDb250ZW50bmFtZWF0dHJpYnV0ZXNjbGllbnRJZGZvcm1JZGRpc3BsYXlUaXRsZWRpc3BsYXlEZXNjdGhlbWV0aGVtZU5hbWVsYWJlbFNpemVsYWJlbENvbG9ybGFiZWxTdWJsYWJlbENvbG9ybGFiZWxFcnJvckNvbG9ycGFnZUJyZWFrQ29sb3JjdXN0b21Dc3Njb3B5UGFzdGVKc29uVmFsdWVmaWVsZFNpemVmaWVsZEJvcmRlclN0eWxlZmllbGRCb3JkZXJTaXplZmllbGRCb3JkZXJSYWRpdXNmaWVsZEJhY2tncm91bmRDb2xvcmZpZWxkQm9yZGVyQ29sb3JmaWVsZFRleHRDb2xvcmZpZWxkTWVudUNvbG9yY29udGFpbmVyUGFkZGluZ2NvbnRhaW5lckJvcmRlclN0eWxlY29udGFpbmVyQm9yZGVyV2lkdGhjb250YWluZXJCb3JkZXJDb2xvcmNvbnRhaW5lckJvcmRlclJhZGl1c2NvbnRhaW5lclNoYWRvd1NpemViYWNrZ3JvdW5kSW1hZ2ViYWNrZ3JvdW5kUG9zaXRpb25iYWNrZ3JvdW5kUmVwZWF0YmFja2dyb3VuZFNpemVNb2RlYmFja2dyb3VuZFNpemViYWNrZ3JvdW5kV2lkdGhiYWNrZ3JvdW5kSGVpZ2h0YmFja2dyb3VuZENvbG9yYmFja2dyb3VuZFVybGJ1dHRvblNpemVidXR0b25Cb3JkZXJTdHlsZWJ1dHRvbkJvcmRlclNpemVidXR0b25Cb3JkZXJSYWRpdXNidXR0b25CYWNrZ3JvdW5kQ29sb3JidXR0b25UZXh0Q29sb3JidXR0b25Cb3JkZXJDb2xvcm9wZW5Qb3B1cElkVUFHSGlkZURlc2t0b3BVQUdIaWRlTW9iVUFHSGlkZVRhYlVBR0xvZ2dlZEluVUFHTG9nZ2VkT3V0VUFHRGF5VUFHUmVzcG9uc2l2ZUNvbmRpdGlvbnNVQUdBbmltYXRpb25UeXBlVUFHQW5pbWF0aW9uVGltZVVBR0FuaW1hdGlvbkRlbGF5VUFHQW5pbWF0aW9uRWFzaW5nVUFHQW5pbWF0aW9uUmVwZWF0VUFHUG9zaXRpb25VQUdTdGlja3lMb2NhdGlvblVBR1N0aWNreVJlc3RyaWN0ZWRVQUdTdGlja3lPZmZzZXRpbm5lckJsb2NrcwUHCAQIBAgGCAUtCAeIJQgHCAYIDggOCAtIAQQOFBseGh4gHiIMDg8NEhANEQkKFRQSFhcYEQ1PABENCg0OCwkLCRNJAA0RUwAZEAkIBggHDwQKCAYMCwVJAAoSDw4JEgkQDxEUEE4AEFQBFRMPEhASDg8QDw0KERASFQ8RCw5KAAsMBhdQABFSAAsREw8LDwEEAAABAAAAAQYALwEAAAdCAQEAQQAAAkF3AYMBAH0BdxMyMDI1LTExLTE2VDE1OjUyOjI2dx5mb3JtdWxhcmlvLXByb21vY2lvbi1hY3RpdmlkYWR3B3B1Ymxpc2h9AX0AdwZjbG9zZWR3BmNsb3NlZHcAdwB3AHcAdwB3AHl5dwB9AHl3AHcAdwB3AHcAeXl3AHcAdwB3AHcAdwB3AHcAdQB1AHcAdwB3AHcAdwB3AHcAdwB3AHcAdwB3AHcAdwB5eX0AdwB3AHcAdwB3JDJjMTZiZWE1LWE1MzgtNGVmOC1hOTllLTgyMzE0Y2I3ZjJlNXh3AHcVd3Bmb3Jtcy9mb3JtLXNlbGVjdG9ydyQ1MzIxYmUzNi1jYWE5LTQ3YmEtODI3NS02OTQ5NTNlOGZhOGJ3AzM5NHl5dwdjbGFzc2ljdwdEZWZhdWx0dwVzbWFsbHcHIzI2MjYyNncHIzdmN2Y3ZncHI2ZmMDAwMHcHI2RkZGRkZHcAd7EIeyJkaXNwbGF5VGl0bGUiOmZhbHNlLCJkaXNwbGF5RGVzYyI6ZmFsc2UsInRoZW1lIjoiY2xhc3NpYyIsInRoZW1lTmFtZSI6IkRlZmF1bHQiLCJmaWVsZFNpemUiOiJtZWRpdW0iLCJiYWNrZ3JvdW5kSW1hZ2UiOiJub25lIiwiYmFja2dyb3VuZFBvc2l0aW9uIjoiY2VudGVyIGNlbnRlciIsImJhY2tncm91bmRSZXBlYXQiOiJuby1yZXBlYXQiLCJiYWNrZ3JvdW5kU2l6ZU1vZGUiOiJjb3ZlciIsImJhY2tncm91bmRTaXplIjoiY292ZXIiLCJiYWNrZ3JvdW5kV2lkdGgiOiIxMDBweCIsImJhY2tncm91bmRIZWlnaHQiOiIxMDBweCIsImJhY2tncm91bmRVcmwiOiJ1cmwoKSIsImJhY2tncm91bmRDb2xvciI6InJnYmEoIDAsIDAsIDAsIDAgKSIsImZpZWxkQm9yZGVyUmFkaXVzIjoiMHB4IiwiZmllbGRCb3JkZXJTdHlsZSI6InNvbGlkIiwiZmllbGRCb3JkZXJTaXplIjoiMXB4IiwiZmllbGRCYWNrZ3JvdW5kQ29sb3IiOiIjZmZmZmZmIiwiZmllbGRCb3JkZXJDb2xvciI6IiNjY2NjY2MiLCJmaWVsZFRleHRDb2xvciI6IiM0NDQ0NDQiLCJmaWVsZE1lbnVDb2xvciI6IiNmZmZmZmYiLCJsYWJlbFNpemUiOiJzbWFsbCIsImxhYmVsQ29sb3IiOiIjMjYyNjI2IiwibGFiZWxTdWJsYWJlbENvbG9yIjoiIzdmN2Y3ZiIsImxhYmVsRXJyb3JDb2xvciI6IiNmZjAwMDAiLCJidXR0b25TaXplIjoibWVkaXVtIiwiYnV0dG9uQm9yZGVyU3R5bGUiOiJzb2xpZCIsImJ1dHRvbkJvcmRlclNpemUiOiIxcHgiLCJidXR0b25Cb3JkZXJSYWRpdXMiOiIwcHgiLCJidXR0b25CYWNrZ3JvdW5kQ29sb3IiOiIjZGRkZGRkIiwiYnV0dG9uVGV4dENvbG9yIjoiIzY2NjY2NiIsImJ1dHRvbkJvcmRlckNvbG9yIjoiI2NjY2NjYyIsInBhZ2VCcmVha0NvbG9yIjoiI2RkZGRkZCIsImNvbnRhaW5lclBhZGRpbmciOiIwcHgiLCJjb250YWluZXJCb3JkZXJTdHlsZSI6Im5vbmUiLCJjb250YWluZXJCb3JkZXJXaWR0aCI6IjFweCIsImNvbnRhaW5lckJvcmRlckNvbG9yIjoiIzAwMDAwMCIsImNvbnRhaW5lckJvcmRlclJhZGl1cyI6IjNweCIsImNvbnRhaW5lclNoYWRvd1NpemUiOiJub25lIiwiY3VzdG9tQ3NzIjoiIn13Bm1lZGl1bXcFc29saWR3AzFweHcDMHB4dwcjZmZmZmZmdwcjY2NjY2NjdwcjNDQ0NDQ0dwcjZmZmZmZmdwMwcHh3BG5vbmV3AzFweHcHIzAwMDAwMHcDM3B4dwRub25ldwRub25ldw1jZW50ZXIgY2VudGVydwluby1yZXBlYXR3BWNvdmVydwVjb3ZlcncFMTAwcHh3BTEwMHB4dxJyZ2JhKCAwLCAwLCAwLCAwICl3BXVybCgpdwZtZWRpdW13BXNvbGlkdwMxcHh3AzBweHcHI2RkZGRkZHcHIzY2NjY2NncHI2NjY2NjY3cAeXl5eXl1AHl3AH2QBn0AdwRlYXNleXcAdwN0b3B5fQAA\",\"updateId\":756362403}","_uag_custom_page_level_css":"","_monsterinsights_skip_tracking":false,"_monsterinsights_sitenote_active":false,"_monsterinsights_sitenote_note":"","_monsterinsights_sitenote_category":0,"_EventAllDay":false,"_EventTimezone":"","_EventStartDate":"","_EventEndDate":"","_EventStartDateUTC":"","_EventEndDateUTC":"","_EventShowMap":false,"_EventShowMapLink":false,"_EventURL":"","_EventCost":"","_EventCostDescription":"","_EventCurrencySymbol":"","_EventCurrencyCode":"","_EventCurrencyPosition":"","_EventDateTimeSeparator":"","_EventTimeRangeSeparator":"","_EventOrganizerID":[],"_EventVenueID":[],"_OrganizerEmail":"","_OrganizerPhone":"","_OrganizerWebsite":"","_VenueAddress":"","_VenueCity":"","_VenueCountry":"","_VenueProvince":"","_VenueState":"","_VenueZip":"","_VenuePhone":"","_VenueURL":"","_VenueStateProvince":"","_VenueLat":"","_VenueLng":"","_VenueShowMap":false,"_VenueShowMapLink":false,"yasr_overall_rating":0,"yasr_post_is_review":"","yasr_auto_insert_disabled":"","yasr_review_type":"","footnotes":""},"class_list":["post-391","page","type-page","status-publish","hentry"],"yoast_head":"<!-- This site is optimized with the Yoast SEO plugin v27.4 - https:\/\/yoast.com\/product\/yoast-seo-wordpress\/ -->\r\n<title>Formulario promoci\u00f3n actividad Taichi&amp;Chikung - Ma Tsun Kuen Cambre<\/title>\r\n<meta name=\"robots\" content=\"index, follow, max-snippet:-1, max-image-preview:large, max-video-preview:-1\" \/>\r\n<link rel=\"canonical\" href=\"https:\/\/taichicambre.es\/index.php\/formulario-promocion-actividad\" \/>\r\n<meta property=\"og:locale\" content=\"es_ES\" \/>\r\n<meta property=\"og:type\" content=\"article\" \/>\r\n<meta property=\"og:title\" content=\"Formulario promoci\u00f3n actividad Taichi&amp;Chikung - Ma Tsun Kuen Cambre\" \/>\r\n<meta property=\"og:url\" content=\"https:\/\/taichicambre.es\/index.php\/formulario-promocion-actividad\" \/>\r\n<meta property=\"og:site_name\" content=\"Ma Tsun Kuen Cambre\" \/>\r\n<meta property=\"article:publisher\" content=\"https:\/\/www.facebook.com\/Taijiquangalicia\" \/>\r\n<meta property=\"article:modified_time\" content=\"2026-04-16T11:20:15+00:00\" \/>\r\n<meta name=\"twitter:card\" content=\"summary_large_image\" \/>\r\n<meta name=\"twitter:site\" content=\"@kuen_tsun1\" \/>\r\n<script type=\"application\/ld+json\" class=\"yoast-schema-graph\">{\"@context\":\"https:\\\/\\\/schema.org\",\"@graph\":[{\"@type\":\"WebPage\",\"@id\":\"https:\\\/\\\/taichicambre.es\\\/index.php\\\/formulario-promocion-actividad\",\"url\":\"https:\\\/\\\/taichicambre.es\\\/index.php\\\/formulario-promocion-actividad\",\"name\":\"Formulario promoci\u00f3n actividad Taichi&Chikung - Ma Tsun Kuen Cambre\",\"isPartOf\":{\"@id\":\"https:\\\/\\\/taichicambre.es\\\/#website\"},\"datePublished\":\"2025-11-16T15:52:26+00:00\",\"dateModified\":\"2026-04-16T11:20:15+00:00\",\"breadcrumb\":{\"@id\":\"https:\\\/\\\/taichicambre.es\\\/index.php\\\/formulario-promocion-actividad#breadcrumb\"},\"inLanguage\":\"es\",\"potentialAction\":[{\"@type\":\"ReadAction\",\"target\":[\"https:\\\/\\\/taichicambre.es\\\/index.php\\\/formulario-promocion-actividad\"]}]},{\"@type\":\"BreadcrumbList\",\"@id\":\"https:\\\/\\\/taichicambre.es\\\/index.php\\\/formulario-promocion-actividad#breadcrumb\",\"itemListElement\":[{\"@type\":\"ListItem\",\"position\":1,\"name\":\"Portada\",\"item\":\"https:\\\/\\\/taichicambre.es\\\/\"},{\"@type\":\"ListItem\",\"position\":2,\"name\":\"Formulario promoci\u00f3n actividad Taichi&#038;Chikung\"}]},{\"@type\":\"WebSite\",\"@id\":\"https:\\\/\\\/taichicambre.es\\\/#website\",\"url\":\"https:\\\/\\\/taichicambre.es\\\/\",\"name\":\"Ma Tsun Kuen Cambre\",\"description\":\"Centro de artes marciales y actividades saludables\",\"publisher\":{\"@id\":\"https:\\\/\\\/taichicambre.es\\\/#organization\"},\"potentialAction\":[{\"@type\":\"SearchAction\",\"target\":{\"@type\":\"EntryPoint\",\"urlTemplate\":\"https:\\\/\\\/taichicambre.es\\\/?s={search_term_string}\"},\"query-input\":{\"@type\":\"PropertyValueSpecification\",\"valueRequired\":true,\"valueName\":\"search_term_string\"}}],\"inLanguage\":\"es\"},{\"@type\":\"Organization\",\"@id\":\"https:\\\/\\\/taichicambre.es\\\/#organization\",\"name\":\"Ma Tsun Kuen Cambre\",\"url\":\"https:\\\/\\\/taichicambre.es\\\/\",\"logo\":{\"@type\":\"ImageObject\",\"inLanguage\":\"es\",\"@id\":\"https:\\\/\\\/taichicambre.es\\\/#\\\/schema\\\/logo\\\/image\\\/\",\"url\":\"https:\\\/\\\/taichicambre.es\\\/wp-content\\\/uploads\\\/2025\\\/11\\\/cropped-negrologo.png\",\"contentUrl\":\"https:\\\/\\\/taichicambre.es\\\/wp-content\\\/uploads\\\/2025\\\/11\\\/cropped-negrologo.png\",\"width\":87,\"height\":86,\"caption\":\"Ma Tsun Kuen Cambre\"},\"image\":{\"@id\":\"https:\\\/\\\/taichicambre.es\\\/#\\\/schema\\\/logo\\\/image\\\/\"},\"sameAs\":[\"https:\\\/\\\/www.facebook.com\\\/Taijiquangalicia\",\"https:\\\/\\\/x.com\\\/kuen_tsun1\",\"https:\\\/\\\/www.instagram.com\\\/jfernandezotero\\\/?fbclid=IwY2xjawOKWkNleHRuA2FlbQIxMQBicmlkETA4RGpHakpGemZsVWNNTGw1c3J0YwZhcHBfaWQBMAABHk-OeA5mILlVHDBvN6Rirli8xpKJat1hAXjVUyd-vseltnbZfLgNC_4YqkTD_aem_WZtVD_hHFRUBURN9oC6hHw\"]},false]}<\/script>\r\n<!-- \/ Yoast SEO plugin. -->","yoast_head_json":{"title":"Formulario promoci\u00f3n actividad Taichi&Chikung - Ma Tsun Kuen Cambre","robots":{"index":"index","follow":"follow","max-snippet":"max-snippet:-1","max-image-preview":"max-image-preview:large","max-video-preview":"max-video-preview:-1"},"canonical":"https:\/\/taichicambre.es\/index.php\/formulario-promocion-actividad","og_locale":"es_ES","og_type":"article","og_title":"Formulario promoci\u00f3n actividad Taichi&Chikung - Ma Tsun Kuen Cambre","og_url":"https:\/\/taichicambre.es\/index.php\/formulario-promocion-actividad","og_site_name":"Ma Tsun Kuen Cambre","article_publisher":"https:\/\/www.facebook.com\/Taijiquangalicia","article_modified_time":"2026-04-16T11:20:15+00:00","twitter_card":"summary_large_image","twitter_site":"@kuen_tsun1","schema":{"@context":"https:\/\/schema.org","@graph":[{"@type":"WebPage","@id":"https:\/\/taichicambre.es\/index.php\/formulario-promocion-actividad","url":"https:\/\/taichicambre.es\/index.php\/formulario-promocion-actividad","name":"Formulario promoci\u00f3n actividad Taichi&Chikung - Ma Tsun Kuen Cambre","isPartOf":{"@id":"https:\/\/taichicambre.es\/#website"},"datePublished":"2025-11-16T15:52:26+00:00","dateModified":"2026-04-16T11:20:15+00:00","breadcrumb":{"@id":"https:\/\/taichicambre.es\/index.php\/formulario-promocion-actividad#breadcrumb"},"inLanguage":"es","potentialAction":[{"@type":"ReadAction","target":["https:\/\/taichicambre.es\/index.php\/formulario-promocion-actividad"]}]},{"@type":"BreadcrumbList","@id":"https:\/\/taichicambre.es\/index.php\/formulario-promocion-actividad#breadcrumb","itemListElement":[{"@type":"ListItem","position":1,"name":"Portada","item":"https:\/\/taichicambre.es\/"},{"@type":"ListItem","position":2,"name":"Formulario promoci\u00f3n actividad Taichi&#038;Chikung"}]},{"@type":"WebSite","@id":"https:\/\/taichicambre.es\/#website","url":"https:\/\/taichicambre.es\/","name":"Ma Tsun Kuen Cambre","description":"Centro de artes marciales y actividades saludables","publisher":{"@id":"https:\/\/taichicambre.es\/#organization"},"potentialAction":[{"@type":"SearchAction","target":{"@type":"EntryPoint","urlTemplate":"https:\/\/taichicambre.es\/?s={search_term_string}"},"query-input":{"@type":"PropertyValueSpecification","valueRequired":true,"valueName":"search_term_string"}}],"inLanguage":"es"},{"@type":"Organization","@id":"https:\/\/taichicambre.es\/#organization","name":"Ma Tsun Kuen Cambre","url":"https:\/\/taichicambre.es\/","logo":{"@type":"ImageObject","inLanguage":"es","@id":"https:\/\/taichicambre.es\/#\/schema\/logo\/image\/","url":"https:\/\/taichicambre.es\/wp-content\/uploads\/2025\/11\/cropped-negrologo.png","contentUrl":"https:\/\/taichicambre.es\/wp-content\/uploads\/2025\/11\/cropped-negrologo.png","width":87,"height":86,"caption":"Ma Tsun Kuen Cambre"},"image":{"@id":"https:\/\/taichicambre.es\/#\/schema\/logo\/image\/"},"sameAs":["https:\/\/www.facebook.com\/Taijiquangalicia","https:\/\/x.com\/kuen_tsun1","https:\/\/www.instagram.com\/jfernandezotero\/?fbclid=IwY2xjawOKWkNleHRuA2FlbQIxMQBicmlkETA4RGpHakpGemZsVWNNTGw1c3J0YwZhcHBfaWQBMAABHk-OeA5mILlVHDBvN6Rirli8xpKJat1hAXjVUyd-vseltnbZfLgNC_4YqkTD_aem_WZtVD_hHFRUBURN9oC6hHw"]},false]}},"yasr_visitor_votes":{"stars_attributes":{"read_only":false,"span_bottom":false},"number_of_votes":0,"sum_votes":0},"uagb_featured_image_src":{"full":false,"thumbnail":false,"medium":false,"medium_large":false,"large":false,"1536x1536":false,"2048x2048":false},"uagb_author_info":{"display_name":"taichicambre","author_link":"https:\/\/taichicambre.es\/index.php\/archivos\/author\/taichicambre"},"uagb_comment_info":0,"uagb_excerpt":null,"_links":{"self":[{"href":"https:\/\/taichicambre.es\/index.php\/wp-json\/wp\/v2\/pages\/391","targetHints":{"allow":["GET"]}}],"collection":[{"href":"https:\/\/taichicambre.es\/index.php\/wp-json\/wp\/v2\/pages"}],"about":[{"href":"https:\/\/taichicambre.es\/index.php\/wp-json\/wp\/v2\/types\/page"}],"author":[{"embeddable":true,"href":"https:\/\/taichicambre.es\/index.php\/wp-json\/wp\/v2\/users\/1"}],"replies":[{"embeddable":true,"href":"https:\/\/taichicambre.es\/index.php\/wp-json\/wp\/v2\/comments?post=391"}],"version-history":[{"count":2,"href":"https:\/\/taichicambre.es\/index.php\/wp-json\/wp\/v2\/pages\/391\/revisions"}],"predecessor-version":[{"id":1108,"href":"https:\/\/taichicambre.es\/index.php\/wp-json\/wp\/v2\/pages\/391\/revisions\/1108"}],"wp:attachment":[{"href":"https:\/\/taichicambre.es\/index.php\/wp-json\/wp\/v2\/media?parent=391"}],"curies":[{"name":"wp","href":"https:\/\/api.w.org\/{rel}","templated":true}]}}