{"id":185,"date":"2025-11-14T16:56:04","date_gmt":"2025-11-14T16:56:04","guid":{"rendered":"https:\/\/taichicambre.es\/?page_id=185"},"modified":"2026-01-27T18:39:17","modified_gmt":"2026-01-27T18:39:17","slug":"que-ofrecen-las-artes-marciales-mixtas","status":"publish","type":"page","link":"https:\/\/taichicambre.es\/index.php\/que-ofrecen-las-artes-marciales-mixtas","title":{"rendered":"Artes marciales mixtas(MMA)"},"content":{"rendered":"\n<p class=\"has-black-color has-text-color has-link-color wp-elements-0be477c2c3ce2f8494741dd77eef77f1 wp-block-paragraph\">Las MMA (Artes Marciales Mixtas) ofrecen a los ni\u00f1os un entorno emocionante y seguro para realizar actividades f\u00edsicas.<\/p>\n\n\n\n<p class=\"has-black-color has-text-color has-link-color wp-elements-adcf85d5292ad299130024a5890b137b wp-block-paragraph\">El entrenamiento en artes marciales no solo es divertido, sino que tambi\u00e9n mejora significativamente la salud f\u00edsica de los ni\u00f1os. A trav\u00e9s de las MMA, los ni\u00f1os desarrollan una mayor resistencia, fortalecen sus m\u00fasculos, mejoran su equilibrio y flexibilidad, y aumentan su velocidad y coordinaci\u00f3n. Adem\u00e1s, la agilidad que adquieren les permite moverse con mayor destreza y confianza. \u00a1Las MMA son una excelente manera de fomentar un estilo de vida saludable y activo desde una edad temprana!<\/p>\n\n\n\n<p class=\"has-black-color has-text-color has-link-color wp-elements-b8e52f629c34acbd2b79d82202788b03 wp-block-paragraph\">Para los adultos, las MMA tambi\u00e9n presentan numerosos beneficios. El entrenamiento en artes marciales es una forma efectiva de reducir el estr\u00e9s, mejorar la salud cardiovascular y aumentar la fuerza y la resistencia. Adem\u00e1s, las MMA ayudan a desarrollar habilidades de autodefensa, lo que puede aumentar la confianza y la seguridad personal. Las MMA tambi\u00e9n fomentan la disciplina, la concentraci\u00f3n y la perseverancia, cualidades que son valiosas tanto dentro como fuera del gimnasio. \u00a1Es una excelente manera de mantenerse en forma y saludable a cualquier edad!<\/p>\n\n\n\n<p class=\"wp-block-paragraph\"><\/p>\n","protected":false},"excerpt":{"rendered":"<p>Las MMA (Artes Marciales Mixtas) ofrecen a los ni\u00f1os un entorno emocionante y seguro para realizar actividades f\u00edsicas. El entrenamiento en artes marciales no solo [&hellip;]<\/p>\n","protected":false},"author":1,"featured_media":186,"parent":0,"menu_order":0,"comment_status":"closed","ping_status":"closed","template":"","meta":{"_coblocks_attr":"","_coblocks_dimensions":"","_coblocks_responsive_height":"","_coblocks_accordion_ie_support":"","_crdt_document":"","_uag_custom_page_level_css":"","_monsterinsights_skip_tracking":false,"_monsterinsights_sitenote_active":false,"_monsterinsights_sitenote_note":"","_monsterinsights_sitenote_category":0,"_EventAllDay":false,"_EventTimezone":"","_EventStartDate":"","_EventEndDate":"","_EventStartDateUTC":"","_EventEndDateUTC":"","_EventShowMap":false,"_EventShowMapLink":false,"_EventURL":"","_EventCost":"","_EventCostDescription":"","_EventCurrencySymbol":"","_EventCurrencyCode":"","_EventCurrencyPosition":"","_EventDateTimeSeparator":"","_EventTimeRangeSeparator":"","_EventOrganizerID":[],"_EventVenueID":[],"_OrganizerEmail":"","_OrganizerPhone":"","_OrganizerWebsite":"","_VenueAddress":"","_VenueCity":"","_VenueCountry":"","_VenueProvince":"","_VenueState":"","_VenueZip":"","_VenuePhone":"","_VenueURL":"","_VenueStateProvince":"","_VenueLat":"","_VenueLng":"","_VenueShowMap":false,"_VenueShowMapLink":false,"yasr_overall_rating":0,"yasr_post_is_review":"","yasr_auto_insert_disabled":"","yasr_review_type":"","footnotes":""},"class_list":["post-185","page","type-page","status-publish","has-post-thumbnail","hentry"],"yoast_head":"<!-- This site is optimized with the Yoast SEO plugin v27.4 - https:\/\/yoast.com\/product\/yoast-seo-wordpress\/ -->\r\n<title>Artes marciales mixtas(MMA) - Ma Tsun Kuen Cambre<\/title>\r\n<meta name=\"robots\" content=\"index, follow, max-snippet:-1, max-image-preview:large, max-video-preview:-1\" \/>\r\n<link rel=\"canonical\" href=\"https:\/\/taichicambre.es\/index.php\/que-ofrecen-las-artes-marciales-mixtas\" \/>\r\n<meta property=\"og:locale\" content=\"es_ES\" \/>\r\n<meta property=\"og:type\" content=\"article\" \/>\r\n<meta property=\"og:title\" content=\"Artes marciales mixtas(MMA) - Ma Tsun Kuen Cambre\" \/>\r\n<meta property=\"og:description\" content=\"Las MMA (Artes Marciales Mixtas) ofrecen a los ni\u00f1os un entorno emocionante y seguro para realizar actividades f\u00edsicas. El entrenamiento en artes marciales no solo [&hellip;]\" \/>\r\n<meta property=\"og:url\" content=\"https:\/\/taichicambre.es\/index.php\/que-ofrecen-las-artes-marciales-mixtas\" \/>\r\n<meta property=\"og:site_name\" content=\"Ma Tsun Kuen Cambre\" \/>\r\n<meta property=\"article:publisher\" content=\"https:\/\/www.facebook.com\/Taijiquangalicia\" \/>\r\n<meta property=\"article:modified_time\" content=\"2026-01-27T18:39:17+00:00\" \/>\r\n<meta property=\"og:image\" content=\"https:\/\/taichicambre.es\/wp-content\/uploads\/2025\/11\/Siete-buenas-recomendaciones-de-defensa-personal-que-te-aconseja-un-profesional-1-e1733069430660.jpeg\" \/>\r\n\t<meta property=\"og:image:width\" content=\"728\" \/>\r\n\t<meta property=\"og:image:height\" content=\"462\" \/>\r\n\t<meta property=\"og:image:type\" content=\"image\/jpeg\" \/>\r\n<meta name=\"twitter:card\" content=\"summary_large_image\" \/>\r\n<meta name=\"twitter:site\" content=\"@kuen_tsun1\" \/>\r\n<meta name=\"twitter:label1\" content=\"Tiempo de lectura\" \/>\n\t<meta name=\"twitter:data1\" content=\"2 minutos\" \/>\r\n<script type=\"application\/ld+json\" class=\"yoast-schema-graph\">{\"@context\":\"https:\\\/\\\/schema.org\",\"@graph\":[{\"@type\":\"WebPage\",\"@id\":\"https:\\\/\\\/taichicambre.es\\\/index.php\\\/que-ofrecen-las-artes-marciales-mixtas\",\"url\":\"https:\\\/\\\/taichicambre.es\\\/index.php\\\/que-ofrecen-las-artes-marciales-mixtas\",\"name\":\"Artes marciales mixtas(MMA) - Ma Tsun Kuen Cambre\",\"isPartOf\":{\"@id\":\"https:\\\/\\\/taichicambre.es\\\/#website\"},\"primaryImageOfPage\":{\"@id\":\"https:\\\/\\\/taichicambre.es\\\/index.php\\\/que-ofrecen-las-artes-marciales-mixtas#primaryimage\"},\"image\":{\"@id\":\"https:\\\/\\\/taichicambre.es\\\/index.php\\\/que-ofrecen-las-artes-marciales-mixtas#primaryimage\"},\"thumbnailUrl\":\"https:\\\/\\\/taichicambre.es\\\/wp-content\\\/uploads\\\/2025\\\/11\\\/Siete-buenas-recomendaciones-de-defensa-personal-que-te-aconseja-un-profesional-1-e1733069430660.jpeg\",\"datePublished\":\"2025-11-14T16:56:04+00:00\",\"dateModified\":\"2026-01-27T18:39:17+00:00\",\"breadcrumb\":{\"@id\":\"https:\\\/\\\/taichicambre.es\\\/index.php\\\/que-ofrecen-las-artes-marciales-mixtas#breadcrumb\"},\"inLanguage\":\"es\",\"potentialAction\":[{\"@type\":\"ReadAction\",\"target\":[\"https:\\\/\\\/taichicambre.es\\\/index.php\\\/que-ofrecen-las-artes-marciales-mixtas\"]}]},{\"@type\":\"ImageObject\",\"inLanguage\":\"es\",\"@id\":\"https:\\\/\\\/taichicambre.es\\\/index.php\\\/que-ofrecen-las-artes-marciales-mixtas#primaryimage\",\"url\":\"https:\\\/\\\/taichicambre.es\\\/wp-content\\\/uploads\\\/2025\\\/11\\\/Siete-buenas-recomendaciones-de-defensa-personal-que-te-aconseja-un-profesional-1-e1733069430660.jpeg\",\"contentUrl\":\"https:\\\/\\\/taichicambre.es\\\/wp-content\\\/uploads\\\/2025\\\/11\\\/Siete-buenas-recomendaciones-de-defensa-personal-que-te-aconseja-un-profesional-1-e1733069430660.jpeg\",\"width\":728,\"height\":462},{\"@type\":\"BreadcrumbList\",\"@id\":\"https:\\\/\\\/taichicambre.es\\\/index.php\\\/que-ofrecen-las-artes-marciales-mixtas#breadcrumb\",\"itemListElement\":[{\"@type\":\"ListItem\",\"position\":1,\"name\":\"Portada\",\"item\":\"https:\\\/\\\/taichicambre.es\\\/\"},{\"@type\":\"ListItem\",\"position\":2,\"name\":\"Artes marciales mixtas(MMA)\"}]},{\"@type\":\"WebSite\",\"@id\":\"https:\\\/\\\/taichicambre.es\\\/#website\",\"url\":\"https:\\\/\\\/taichicambre.es\\\/\",\"name\":\"Ma Tsun Kuen Cambre\",\"description\":\"Centro de artes marciales y actividades saludables\",\"publisher\":{\"@id\":\"https:\\\/\\\/taichicambre.es\\\/#organization\"},\"potentialAction\":[{\"@type\":\"SearchAction\",\"target\":{\"@type\":\"EntryPoint\",\"urlTemplate\":\"https:\\\/\\\/taichicambre.es\\\/?s={search_term_string}\"},\"query-input\":{\"@type\":\"PropertyValueSpecification\",\"valueRequired\":true,\"valueName\":\"search_term_string\"}}],\"inLanguage\":\"es\"},{\"@type\":\"Organization\",\"@id\":\"https:\\\/\\\/taichicambre.es\\\/#organization\",\"name\":\"Ma Tsun Kuen Cambre\",\"url\":\"https:\\\/\\\/taichicambre.es\\\/\",\"logo\":{\"@type\":\"ImageObject\",\"inLanguage\":\"es\",\"@id\":\"https:\\\/\\\/taichicambre.es\\\/#\\\/schema\\\/logo\\\/image\\\/\",\"url\":\"https:\\\/\\\/taichicambre.es\\\/wp-content\\\/uploads\\\/2025\\\/11\\\/cropped-negrologo.png\",\"contentUrl\":\"https:\\\/\\\/taichicambre.es\\\/wp-content\\\/uploads\\\/2025\\\/11\\\/cropped-negrologo.png\",\"width\":87,\"height\":86,\"caption\":\"Ma Tsun Kuen Cambre\"},\"image\":{\"@id\":\"https:\\\/\\\/taichicambre.es\\\/#\\\/schema\\\/logo\\\/image\\\/\"},\"sameAs\":[\"https:\\\/\\\/www.facebook.com\\\/Taijiquangalicia\",\"https:\\\/\\\/x.com\\\/kuen_tsun1\",\"https:\\\/\\\/www.instagram.com\\\/jfernandezotero\\\/?fbclid=IwY2xjawOKWkNleHRuA2FlbQIxMQBicmlkETA4RGpHakpGemZsVWNNTGw1c3J0YwZhcHBfaWQBMAABHk-OeA5mILlVHDBvN6Rirli8xpKJat1hAXjVUyd-vseltnbZfLgNC_4YqkTD_aem_WZtVD_hHFRUBURN9oC6hHw\"]},false]}<\/script>\r\n<!-- \/ Yoast SEO plugin. -->","yoast_head_json":{"title":"Artes marciales mixtas(MMA) - Ma Tsun Kuen Cambre","robots":{"index":"index","follow":"follow","max-snippet":"max-snippet:-1","max-image-preview":"max-image-preview:large","max-video-preview":"max-video-preview:-1"},"canonical":"https:\/\/taichicambre.es\/index.php\/que-ofrecen-las-artes-marciales-mixtas","og_locale":"es_ES","og_type":"article","og_title":"Artes marciales mixtas(MMA) - Ma Tsun Kuen Cambre","og_description":"Las MMA (Artes Marciales Mixtas) ofrecen a los ni\u00f1os un entorno emocionante y seguro para realizar actividades f\u00edsicas. El entrenamiento en artes marciales no solo [&hellip;]","og_url":"https:\/\/taichicambre.es\/index.php\/que-ofrecen-las-artes-marciales-mixtas","og_site_name":"Ma Tsun Kuen Cambre","article_publisher":"https:\/\/www.facebook.com\/Taijiquangalicia","article_modified_time":"2026-01-27T18:39:17+00:00","og_image":[{"width":728,"height":462,"url":"https:\/\/taichicambre.es\/wp-content\/uploads\/2025\/11\/Siete-buenas-recomendaciones-de-defensa-personal-que-te-aconseja-un-profesional-1-e1733069430660.jpeg","type":"image\/jpeg"}],"twitter_card":"summary_large_image","twitter_site":"@kuen_tsun1","twitter_misc":{"Tiempo de lectura":"2 minutos"},"schema":{"@context":"https:\/\/schema.org","@graph":[{"@type":"WebPage","@id":"https:\/\/taichicambre.es\/index.php\/que-ofrecen-las-artes-marciales-mixtas","url":"https:\/\/taichicambre.es\/index.php\/que-ofrecen-las-artes-marciales-mixtas","name":"Artes marciales mixtas(MMA) - Ma Tsun Kuen Cambre","isPartOf":{"@id":"https:\/\/taichicambre.es\/#website"},"primaryImageOfPage":{"@id":"https:\/\/taichicambre.es\/index.php\/que-ofrecen-las-artes-marciales-mixtas#primaryimage"},"image":{"@id":"https:\/\/taichicambre.es\/index.php\/que-ofrecen-las-artes-marciales-mixtas#primaryimage"},"thumbnailUrl":"https:\/\/taichicambre.es\/wp-content\/uploads\/2025\/11\/Siete-buenas-recomendaciones-de-defensa-personal-que-te-aconseja-un-profesional-1-e1733069430660.jpeg","datePublished":"2025-11-14T16:56:04+00:00","dateModified":"2026-01-27T18:39:17+00:00","breadcrumb":{"@id":"https:\/\/taichicambre.es\/index.php\/que-ofrecen-las-artes-marciales-mixtas#breadcrumb"},"inLanguage":"es","potentialAction":[{"@type":"ReadAction","target":["https:\/\/taichicambre.es\/index.php\/que-ofrecen-las-artes-marciales-mixtas"]}]},{"@type":"ImageObject","inLanguage":"es","@id":"https:\/\/taichicambre.es\/index.php\/que-ofrecen-las-artes-marciales-mixtas#primaryimage","url":"https:\/\/taichicambre.es\/wp-content\/uploads\/2025\/11\/Siete-buenas-recomendaciones-de-defensa-personal-que-te-aconseja-un-profesional-1-e1733069430660.jpeg","contentUrl":"https:\/\/taichicambre.es\/wp-content\/uploads\/2025\/11\/Siete-buenas-recomendaciones-de-defensa-personal-que-te-aconseja-un-profesional-1-e1733069430660.jpeg","width":728,"height":462},{"@type":"BreadcrumbList","@id":"https:\/\/taichicambre.es\/index.php\/que-ofrecen-las-artes-marciales-mixtas#breadcrumb","itemListElement":[{"@type":"ListItem","position":1,"name":"Portada","item":"https:\/\/taichicambre.es\/"},{"@type":"ListItem","position":2,"name":"Artes marciales mixtas(MMA)"}]},{"@type":"WebSite","@id":"https:\/\/taichicambre.es\/#website","url":"https:\/\/taichicambre.es\/","name":"Ma Tsun Kuen Cambre","description":"Centro de artes marciales y actividades saludables","publisher":{"@id":"https:\/\/taichicambre.es\/#organization"},"potentialAction":[{"@type":"SearchAction","target":{"@type":"EntryPoint","urlTemplate":"https:\/\/taichicambre.es\/?s={search_term_string}"},"query-input":{"@type":"PropertyValueSpecification","valueRequired":true,"valueName":"search_term_string"}}],"inLanguage":"es"},{"@type":"Organization","@id":"https:\/\/taichicambre.es\/#organization","name":"Ma Tsun Kuen Cambre","url":"https:\/\/taichicambre.es\/","logo":{"@type":"ImageObject","inLanguage":"es","@id":"https:\/\/taichicambre.es\/#\/schema\/logo\/image\/","url":"https:\/\/taichicambre.es\/wp-content\/uploads\/2025\/11\/cropped-negrologo.png","contentUrl":"https:\/\/taichicambre.es\/wp-content\/uploads\/2025\/11\/cropped-negrologo.png","width":87,"height":86,"caption":"Ma Tsun Kuen Cambre"},"image":{"@id":"https:\/\/taichicambre.es\/#\/schema\/logo\/image\/"},"sameAs":["https:\/\/www.facebook.com\/Taijiquangalicia","https:\/\/x.com\/kuen_tsun1","https:\/\/www.instagram.com\/jfernandezotero\/?fbclid=IwY2xjawOKWkNleHRuA2FlbQIxMQBicmlkETA4RGpHakpGemZsVWNNTGw1c3J0YwZhcHBfaWQBMAABHk-OeA5mILlVHDBvN6Rirli8xpKJat1hAXjVUyd-vseltnbZfLgNC_4YqkTD_aem_WZtVD_hHFRUBURN9oC6hHw"]},false]}},"yasr_visitor_votes":{"stars_attributes":{"read_only":false,"span_bottom":false},"number_of_votes":0,"sum_votes":0},"uagb_featured_image_src":{"full":["https:\/\/taichicambre.es\/wp-content\/uploads\/2025\/11\/Siete-buenas-recomendaciones-de-defensa-personal-que-te-aconseja-un-profesional-1-e1733069430660.jpeg",728,462,false],"thumbnail":["https:\/\/taichicambre.es\/wp-content\/uploads\/2025\/11\/Siete-buenas-recomendaciones-de-defensa-personal-que-te-aconseja-un-profesional-1-e1733069430660-150x150.jpeg",150,150,true],"medium":["https:\/\/taichicambre.es\/wp-content\/uploads\/2025\/11\/Siete-buenas-recomendaciones-de-defensa-personal-que-te-aconseja-un-profesional-1-e1733069430660-300x190.jpeg",300,190,true],"medium_large":["https:\/\/taichicambre.es\/wp-content\/uploads\/2025\/11\/Siete-buenas-recomendaciones-de-defensa-personal-que-te-aconseja-un-profesional-1-e1733069430660.jpeg",640,406,false],"large":["https:\/\/taichicambre.es\/wp-content\/uploads\/2025\/11\/Siete-buenas-recomendaciones-de-defensa-personal-que-te-aconseja-un-profesional-1-e1733069430660.jpeg",640,406,false],"1536x1536":["https:\/\/taichicambre.es\/wp-content\/uploads\/2025\/11\/Siete-buenas-recomendaciones-de-defensa-personal-que-te-aconseja-un-profesional-1-e1733069430660.jpeg",728,462,false],"2048x2048":["https:\/\/taichicambre.es\/wp-content\/uploads\/2025\/11\/Siete-buenas-recomendaciones-de-defensa-personal-que-te-aconseja-un-profesional-1-e1733069430660.jpeg",728,462,false]},"uagb_author_info":{"display_name":"taichicambre","author_link":"https:\/\/taichicambre.es\/index.php\/archivos\/author\/taichicambre"},"uagb_comment_info":0,"uagb_excerpt":"Las MMA (Artes Marciales Mixtas) ofrecen a los ni\u00f1os un entorno emocionante y seguro para realizar actividades f\u00edsicas. El entrenamiento en artes marciales no solo [&hellip;]","_links":{"self":[{"href":"https:\/\/taichicambre.es\/index.php\/wp-json\/wp\/v2\/pages\/185","targetHints":{"allow":["GET"]}}],"collection":[{"href":"https:\/\/taichicambre.es\/index.php\/wp-json\/wp\/v2\/pages"}],"about":[{"href":"https:\/\/taichicambre.es\/index.php\/wp-json\/wp\/v2\/types\/page"}],"author":[{"embeddable":true,"href":"https:\/\/taichicambre.es\/index.php\/wp-json\/wp\/v2\/users\/1"}],"replies":[{"embeddable":true,"href":"https:\/\/taichicambre.es\/index.php\/wp-json\/wp\/v2\/comments?post=185"}],"version-history":[{"count":0,"href":"https:\/\/taichicambre.es\/index.php\/wp-json\/wp\/v2\/pages\/185\/revisions"}],"wp:featuredmedia":[{"embeddable":true,"href":"https:\/\/taichicambre.es\/index.php\/wp-json\/wp\/v2\/media\/186"}],"wp:attachment":[{"href":"https:\/\/taichicambre.es\/index.php\/wp-json\/wp\/v2\/media?parent=185"}],"curies":[{"name":"wp","href":"https:\/\/api.w.org\/{rel}","templated":true}]}}